{"id":3146,"date":"2021-12-18T11:48:39","date_gmt":"2021-12-18T10:48:39","guid":{"rendered":"https:\/\/www.steelpower.sk\/?page_id=3146"},"modified":"2022-12-16T09:35:10","modified_gmt":"2022-12-16T08:35:10","slug":"ochrana-sukromia","status":"publish","type":"page","link":"https:\/\/www.steelpower.sk\/hu\/bevezetes\/ochrana-sukromia\/","title":{"rendered":"Adatv\u00e9delmi ir\u00e1nyelvek"},"content":{"rendered":"\n<h2 class=\"wp-block-heading\">Kik vagyunk<\/h2>\n\n\n\n<p><strong class=\"privacy-policy-tutorial\">Javasolt sz\u00f6veg: <\/strong>Honlapunk c\u00edme: http:\/\/www.consulting.web.home.sk.<\/p>\n\n\n\n<h2 class=\"wp-block-heading\">Megjegyz\u00e9sek<\/h2>\n\n\n\n<p><strong class=\"privacy-policy-tutorial\">Javasolt sz\u00f6veg: <\/strong>amikor a webhely l\u00e1togat\u00f3i hozz\u00e1sz\u00f3l\u00e1sokat hagynak a webhelyen, a spamek elleni v\u00e9delem \u00e9rdek\u00e9ben \u00f6sszegy\u0171jtj\u00fck a hozz\u00e1sz\u00f3l\u00e1si \u0171rlapon megjelen\u0151 adatokat, valamint a felhaszn\u00e1l\u00f3k IP-c\u00edm\u00e9t \u00e9s a b\u00f6ng\u00e9sz\u0151 user-agentj\u00e9t.<\/p>\n\n\n\n<p>Az \u00d6n e-mail c\u00edm\u00e9b\u0151l l\u00e9trehozott anonimiz\u00e1lt karakterl\u00e1ncot (m\u00e1s n\u00e9ven hash-t) a Gravatar sz\u00e1m\u00e1ra meg lehet adni, hogy ellen\u0151rizze, hogy \u00d6n haszn\u00e1lja-e azt. A Gravatar adatv\u00e9delmi ir\u00e1nyelvei a k\u00f6vetkez\u0151 c\u00edmen tal\u00e1lhat\u00f3k: https:\/\/automattic.com\/privacy\/. Miut\u00e1n a hozz\u00e1sz\u00f3l\u00e1s\u00e1t j\u00f3v\u00e1hagyt\u00e1k, az \u00d6n profilk\u00e9pe nyilv\u00e1nosan megjelenik a hozz\u00e1sz\u00f3l\u00e1s tartalm\u00e1val egy\u00fctt.<\/p>\n\n\n\n<h2 class=\"wp-block-heading\">Multim\u00e9dia<\/h2>\n\n\n\n<p><strong class=\"privacy-policy-tutorial\">Javasolt sz\u00f6veg: <\/strong>Amikor k\u00e9peket t\u00f6lt fel egy weboldalra, ker\u00fclje az EXIF GPS helymeghat\u00e1roz\u00f3 adatokkal ell\u00e1tott k\u00e9pek felt\u00f6lt\u00e9s\u00e9t. Az oldal l\u00e1togat\u00f3i let\u00f6lthetik \u00e9s megtekinthetik a k\u00e9pek b\u00e1rmely helymeghat\u00e1roz\u00f3 adat\u00e1t.<\/p>\n\n\n\n<h2 class=\"wp-block-heading\">S\u00fctik<\/h2>\n\n\n\n<p><strong class=\"privacy-policy-tutorial\">Javasolt sz\u00f6veg: <\/strong>Ha hozz\u00e1sz\u00f3l\u00e1st \u00edr oldalunkon, hozz\u00e1j\u00e1rulhat ahhoz, hogy nev\u00e9t, e-mail c\u00edm\u00e9t \u00e9s weboldal\u00e1t a cookie-kban t\u00e1roljuk. Ez az \u00d6n k\u00e9nyelm\u00e9t szolg\u00e1lja, hogy ne kelljen \u00fajra kit\u00f6ltenie adatait, amikor \u00fajabb hozz\u00e1sz\u00f3l\u00e1st ad hozz\u00e1. Ezek a s\u00fctik egy \u00e9vig \u00e9rv\u00e9nyesek.<\/p>\n\n\n\n<p>Ha megl\u00e1togatja a bejelentkez\u00e9si oldalunkat, ideiglenes s\u00fctiket t\u00e1rolunk, hogy meg\u00e1llap\u00edtsuk, a b\u00f6ng\u00e9sz\u0151je elfogadja-e a s\u00fctiket. Ezek a s\u00fctik nem tartalmaznak szem\u00e9lyes adatokat, \u00e9s a b\u00f6ng\u00e9sz\u0151 bez\u00e1r\u00e1sakor t\u00f6rl\u0151dnek.<\/p>\n\n\n\n<p>Amikor bejelentkezik, sz\u00e1mos s\u00fctit \u00e1ll\u00edtunk be a bejelentkez\u00e9si adatok \u00e9s a megjelen\u00edt\u00e9si be\u00e1ll\u00edt\u00e1sok t\u00e1rol\u00e1s\u00e1ra. A bejelentkez\u00e9si s\u00fctik k\u00e9t napig, a megjelen\u00edt\u00e9si be\u00e1ll\u00edt\u00e1sok pedig egy \u00e9vig \u00e9rv\u00e9nyesek. Ha a &#8220;megjegyezni&#8221; opci\u00f3t v\u00e1lasztja, a bejelentkez\u00e9se k\u00e9t h\u00e9tig lesz \u00e9rv\u00e9nyes. Amikor kijelentkezik a fi\u00f3kj\u00e1b\u00f3l, a cookie-k t\u00f6rl\u0151dnek.<\/p>\n\n\n\n<p>Amikor szerkeszt vagy k\u00f6zz\u00e9tesz egy cikket, tov\u00e1bbi s\u00fctik ker\u00fclnek t\u00e1rol\u00e1sra a b\u00f6ng\u00e9sz\u0151j\u00e9ben. Ezek a s\u00fctik nem tartalmaznak szem\u00e9lyes adatokat, \u00e9s csak az \u00d6n \u00e1ltal szerkesztett cikk azonos\u00edt\u00f3j\u00e1ra utalnak. A f\u00e1jlok 1 napig \u00e9rv\u00e9nyesek.<\/p>\n\n\n\n<h2 class=\"wp-block-heading\">Be\u00e1gyazott tartalom m\u00e1sigen<\/h2>\n\n\n\n<p><strong class=\"privacy-policy-tutorial\">Javasolt sz\u00f6veg: <\/strong>A weboldalon tal\u00e1lhat\u00f3 cikkek be\u00e1gyazott tartalmakat (pl. vide\u00f3kat, k\u00e9peket, cikkeket stb.) tartalmazhatnak. A m\u00e1sigensz\u00e1rmaz\u00f3 be\u00e1gyazott tartalom ugyan\u00fagy viselkedik, mintha a l\u00e1togat\u00f3 egy m\u00e1sik webhelyet l\u00e1togatott volna meg.<\/p>\n\n\n\n<p>Ezek a webhelyek szem\u00e9lyes adatokat gy\u0171jthetnek \u00d6nr\u0151l, cookie-kat haszn\u00e1lhatnak, harmadik f\u00e9l \u00e1ltal v\u00e9gzett nyomk\u00f6vet\u00e9st \u00e1gyazhatnak be, \u00e9s nyomon k\u00f6vethetik a be\u00e1gyazott tartalommal val\u00f3 interakci\u00f3j\u00e1t, bele\u00e9rtve a be\u00e1gyazott tartalommal val\u00f3 interakci\u00f3j\u00e1nak nyomon k\u00f6vet\u00e9s\u00e9t, ha \u00d6n rendelkezik fi\u00f3kkal \u00e9s be van jelentkezve az adott webhelyre.<\/p>\n\n\n\n<h2 class=\"wp-block-heading\">Kivel osztjuk meg az \u00d6n adatait<\/h2>\n\n\n\n<p><strong class=\"privacy-policy-tutorial\">Javasolt sz\u00f6veg: <\/strong>ha jelsz\u00f3-vissza\u00e1ll\u00edt\u00e1st k\u00e9r, az \u00d6n IP-c\u00edme szerepel a jelsz\u00f3-vissza\u00e1ll\u00edt\u00e1si e-mailben.<\/p>\n\n\n\n<h2 class=\"wp-block-heading\">Mennyi ideig t\u00e1roljuk az \u00d6n adatait<\/h2>\n\n\n\n<p><strong class=\"privacy-policy-tutorial\">Javasolt sz\u00f6veg: <\/strong>megjegyz\u00e9s hozz\u00e1ad\u00e1sakor a megjegyz\u00e9st \u00e9s a metaadatokat k\u00fcl\u00f6n kell tartani. Ez lehet\u0151v\u00e9 teszi sz\u00e1munkra, hogy automatikusan felismerj\u00fck \u00e9s j\u00f3v\u00e1hagyjuk a kapcsol\u00f3d\u00f3 megjegyz\u00e9seket an\u00e9lk\u00fcl, hogy moder\u00e1l\u00e1sra v\u00e1rn\u00e1nk \u0151ket.<\/p>\n\n\n\n<p>A weboldalunkon regisztr\u00e1l\u00f3 felhaszn\u00e1l\u00f3k eset\u00e9ben (ha vannak ilyenek) az \u00e1ltaluk megadott szem\u00e9lyes adatokat a felhaszn\u00e1l\u00f3i profiljukban is t\u00e1roljuk. Minden felhaszn\u00e1l\u00f3 b\u00e1rmikor megtekintheti, szerkesztheti vagy t\u00f6r\u00f6lheti szem\u00e9lyes adatait (kiv\u00e9ve a felhaszn\u00e1l\u00f3i m\u00f3dos\u00edt\u00e1sokat). Aigenadminisztr\u00e1torai is megtekinthetik \u00e9s szerkeszthetik ezeket az inform\u00e1ci\u00f3kat.<\/p>\n\n\n\n<h2 class=\"wp-block-heading\">Milyen jogai vannak az adatai felett<\/h2>\n\n\n\n<p><strong class=\"privacy-policy-tutorial\">Javasolt sz\u00f6veg: <\/strong>Ha van fi\u00f3kja ezen a weboldalon, vagy hozz\u00e1sz\u00f3l\u00e1st \u00edrt itt, k\u00e9rheti az \u00d6nr\u0151l t\u00e1rolt szem\u00e9lyes adatok export\u00e1l\u00e1s\u00e1t, bele\u00e9rtve az \u00d6n \u00e1ltal megadott adatokat is. K\u00e9rheti szem\u00e9lyes adatainak t\u00f6rl\u00e9s\u00e9t is. Ez azonban nem vonatkozik azokra az adatokra, amelyeket adminisztrat\u00edv, jogi vagy biztons\u00e1gi okokb\u00f3l kell meg\u0151rizn\u00fcnk \u00d6nr\u0151l.<\/p>\n\n\n\n<h2 class=\"wp-block-heading\">Hov\u00e1 k\u00fcldj\u00fck az \u00d6n adatait<\/h2>\n\n\n\n<p><strong class=\"privacy-policy-tutorial\">Javasolt sz\u00f6veg: <\/strong>A l\u00e1togat\u00f3k hozz\u00e1sz\u00f3l\u00e1sait egy automatikus spam-felismer\u0151 szolg\u00e1ltat\u00e1s ellen\u0151rizheti.<\/p>\n","protected":false},"excerpt":{"rendered":"<p>Kik vagyunk Javasolt sz\u00f6veg: Honlapunk c\u00edme: http:\/\/www.consulting.web.home.sk. Megjegyz\u00e9sek Javasolt sz\u00f6veg: amikor a webhely l\u00e1togat\u00f3i hozz\u00e1sz\u00f3l\u00e1sokat hagynak a webhelyen, a spamek elleni v\u00e9delem \u00e9rdek\u00e9ben \u00f6sszegy\u0171jtj\u00fck a hozz\u00e1sz\u00f3l\u00e1si \u0171rlapon megjelen\u0151 adatokat, valamint a felhaszn\u00e1l\u00f3k IP-c\u00edm\u00e9t \u00e9s a b\u00f6ng\u00e9sz\u0151 user-agentj\u00e9t. Az \u00d6n e-mail c\u00edm\u00e9b\u0151l l\u00e9trehozott anonimiz\u00e1lt karakterl\u00e1ncot (m\u00e1s n\u00e9ven hash-t) a Gravatar sz\u00e1m\u00e1ra meg lehet adni, hogy ellen\u0151rizze,&hellip;<\/p>\n","protected":false},"author":4,"featured_media":0,"parent":2964,"menu_order":0,"comment_status":"closed","ping_status":"open","template":"","meta":{"footnotes":""},"class_list":["post-3146","page","type-page","status-publish","hentry","description-off"],"_links":{"self":[{"href":"https:\/\/www.steelpower.sk\/hu\/wp-json\/wp\/v2\/pages\/3146","targetHints":{"allow":["GET"]}}],"collection":[{"href":"https:\/\/www.steelpower.sk\/hu\/wp-json\/wp\/v2\/pages"}],"about":[{"href":"https:\/\/www.steelpower.sk\/hu\/wp-json\/wp\/v2\/types\/page"}],"author":[{"embeddable":true,"href":"https:\/\/www.steelpower.sk\/hu\/wp-json\/wp\/v2\/users\/4"}],"replies":[{"embeddable":true,"href":"https:\/\/www.steelpower.sk\/hu\/wp-json\/wp\/v2\/comments?post=3146"}],"version-history":[{"count":2,"href":"https:\/\/www.steelpower.sk\/hu\/wp-json\/wp\/v2\/pages\/3146\/revisions"}],"predecessor-version":[{"id":3154,"href":"https:\/\/www.steelpower.sk\/hu\/wp-json\/wp\/v2\/pages\/3146\/revisions\/3154"}],"up":[{"embeddable":true,"href":"https:\/\/www.steelpower.sk\/hu\/wp-json\/wp\/v2\/pages\/2964"}],"wp:attachment":[{"href":"https:\/\/www.steelpower.sk\/hu\/wp-json\/wp\/v2\/media?parent=3146"}],"curies":[{"name":"wp","href":"https:\/\/api.w.org\/{rel}","templated":true}]}}