{"id":2990,"date":"2016-01-29T10:14:33","date_gmt":"2016-01-29T09:14:33","guid":{"rendered":"http:\/\/www.consulting.web.home.sk\/kontakt\/"},"modified":"2022-05-10T08:35:54","modified_gmt":"2022-05-10T06:35:54","slug":"kontakt","status":"publish","type":"page","link":"https:\/\/www.steelpower.sk\/hu\/kontakt\/","title":{"rendered":"Kontakt"},"content":{"rendered":"<div class=\"wpb-content-wrapper\"><p>[vc_row type=&#8221;vc_default&#8221; margin_top=&#8221;0&#8243; margin_bottom=&#8221;-35&#8243; css=&#8221;.vc_custom_1641641395132{margin-top: 30px !important;margin-bottom: 20px !important;}&#8221;][vc_column width=&#8221;2\/3&#8243;]<div id=\"ultimate-heading-538069ef2e3867f81\" class=\"uvc-heading ult-adjust-bottom-margin ultimate-heading-538069ef2e3867f81 uvc-7608 \" data-hspacer=\"no_spacer\"  data-halign=\"left\" style=\"text-align:left\"><div class=\"uvc-heading-spacer no_spacer\" style=\"top\"><\/div><div class=\"uvc-main-heading ult-responsive\"  data-ultimate-target='.uvc-heading.ultimate-heading-538069ef2e3867f81 h2'  data-responsive-json-new='{\"font-size\":\"desktop:26px;\",\"line-height\":\"desktop:32px;\"}' ><h2 style=\"font-weight:bold;margin-bottom:30px;\">Kontakt<\/h2><\/div><\/div>[vc_column_text]STEEL POWER, Kft<br \/>\nLermontovova 3<br \/>\n811 05, Bratislava (Pozsony)<br \/>\nSzlov\u00e1kia<br \/>\n<strong>E-mail:<\/strong> info@steelpower.sk<br \/>\n<strong>Mobil:<\/strong> +421 911 541 200<br \/>\n<strong>ID:<\/strong> 52 881 539<br \/>\n<strong>Ad\u00f3sz\u00e1m:<\/strong> 21 2121 5261<br \/>\n<strong>EU-ad\u00f3sz\u00e1m:<\/strong> SK 21 2121 5261[\/vc_column_text]<div id=\"ultimate-heading-641169ef2e3868026\" class=\"uvc-heading ult-adjust-bottom-margin ultimate-heading-641169ef2e3868026 uvc-9558 \" data-hspacer=\"no_spacer\"  data-halign=\"left\" style=\"text-align:left\"><div class=\"uvc-heading-spacer no_spacer\" style=\"top\"><\/div><div class=\"uvc-main-heading ult-responsive\"  data-ultimate-target='.uvc-heading.ultimate-heading-641169ef2e3868026 h2'  data-responsive-json-new='{\"font-size\":\"desktop:26px;\",\"line-height\":\"desktop:32px;\"}' ><h2 style=\"font-weight:bold;margin-bottom:20px;\">EL\u00c9RHET\u0150S\u00c9GI \u0170RLAP<\/h2><\/div><\/div><div class=\"cf7sg-container\"><div id=\"cf7sg-form-kontaktny-formular-1\" class=\"cf7-smart-grid has-grid key_kontaktny-formular-1\">\n<div class=\"wpcf7 no-js\" id=\"wpcf7-f2996-o1\" lang=\"hu-HU\" dir=\"ltr\">\n<div class=\"screen-reader-response\"><p role=\"status\" aria-live=\"polite\" aria-atomic=\"true\"><\/p> <ul><\/ul><\/div>\n<form action=\"\/hu\/wp-json\/wp\/v2\/pages\/2990#wpcf7-f2996-o1\" method=\"post\" class=\"wpcf7-form init\" aria-label=\"Kapcsolatfelv\u00e9teli \u0171rlap\" novalidate=\"novalidate\" data-status=\"init\">\n<div style=\"display: none;\">\n<input type=\"hidden\" name=\"_wpcf7\" value=\"2996\" \/>\n<input type=\"hidden\" name=\"_wpcf7_version\" value=\"5.9.3\" \/>\n<input type=\"hidden\" name=\"_wpcf7_locale\" value=\"hu_HU\" \/>\n<input type=\"hidden\" name=\"_wpcf7_unit_tag\" value=\"wpcf7-f2996-o1\" \/>\n<input type=\"hidden\" name=\"_wpcf7_container_post\" value=\"0\" \/>\n<input type=\"hidden\" name=\"_wpcf7_posted_data_hash\" value=\"\" \/>\n<input type=\"hidden\" name=\"_wpcf7_key\" value=\"elerhetosegi-urlap\" \/>\n<input type=\"hidden\" name=\"_cf7sg_toggles\" value=\"\" \/>\n<input type=\"hidden\" name=\"_cf7sg_version\" value=\"4.15.6\" \/>\n<input type=\"hidden\" name=\"_wpnonce\" value=\"ca857aed1e\" \/>\n<\/div>\n<div class=\"container\">\n  <div class=\"row\">\n    <div class=\"columns one-third\">\n      <div class=\"field\"><label>Keresztn\u00e9v *<\/label>\n        <p class=\"info-tip\"><\/p>\n      <\/div>\n    <\/div>\n    <div class=\"columns two-thirds\">\n      <div class=\"field text required\"><span class=\"wpcf7-form-control-wrap\" data-name=\"your-forname\"><input size=\"40\" class=\"wpcf7-form-control wpcf7-text wpcf7-validates-as-required\" aria-required=\"true\" aria-invalid=\"false\" value=\"\" type=\"text\" name=\"your-forname\" \/><\/span>\n        <p class=\"info-tip\"><\/p>\n      <\/div>\n    <\/div>\n  <\/div>\n<\/div>\n<div class=\"container\">\n  <div class=\"row\">\n    <div class=\"columns one-third\">\n      <div class=\"field\"><label>Vezet\u00e9kn\u00e9v *<\/label>\n        <p class=\"info-tip\"><\/p>\n      <\/div>\n    <\/div>\n    <div class=\"columns two-thirds\">\n      <div class=\"field text required\"><span class=\"wpcf7-form-control-wrap\" data-name=\"your-lastname\"><input size=\"40\" class=\"wpcf7-form-control wpcf7-text wpcf7-validates-as-required\" aria-required=\"true\" aria-invalid=\"false\" value=\"\" type=\"text\" name=\"your-lastname\" \/><\/span>\n        <p class=\"info-tip\"><\/p>\n      <\/div>\n    <\/div>\n  <\/div>\n<\/div>\n<div class=\"container\">\n  <div class=\"row\">\n    <div class=\"columns one-third\">\n      <div class=\"field\"><label>T\u00e1rgy *<\/label>\n        <p class=\"info-tip\"><\/p>\n      <\/div>\n    <\/div>\n    <div class=\"columns two-thirds\">\n      <div class=\"field text required\"><span class=\"wpcf7-form-control-wrap\" data-name=\"your-subject\"><input size=\"40\" class=\"wpcf7-form-control wpcf7-text wpcf7-validates-as-required\" aria-required=\"true\" aria-invalid=\"false\" value=\"\" type=\"text\" name=\"your-subject\" \/><\/span>\n        <p class=\"info-tip\"><\/p>\n      <\/div>\n    <\/div>\n  <\/div>\n<\/div>\n<div class=\"container\">\n  <div class=\"row\">\n    <div class=\"columns one-third\">\n      <div class=\"field\"><label>Besz\u00e1mol\u00f3 (v\u00e1laszthat\u00f3)<\/label>\n        <p class=\"info-tip\"><\/p>\n      <\/div>\n    <\/div>\n    <div class=\"columns two-thirds\">\n      <div class=\"field text required\"><span class=\"wpcf7-form-control-wrap\" data-name=\"your-message\"><textarea cols=\"10\" rows=\"4\" class=\"wpcf7-form-control wpcf7-textarea\" aria-invalid=\"false\" name=\"your-message\"><\/textarea><\/span>\n        <p class=\"info-tip\"><\/p>\n      <\/div>\n    <\/div>\n  <\/div>\n<\/div>\n<div class=\"container\">\n  <div class=\"row\">\n    <div class=\"columns one-third\">\n      <div class=\"field\"><label>Hozz\u00e1j\u00e1rul\u00e1s a szem\u00e9lyes adatok kezel\u00e9s\u00e9hez:<\/label>\n        <p class=\"info-tip\"><\/p>\n      <\/div>\n    <\/div>\n    <div class=\"columns two-thirds cf7sgfocus\">\n      <div class=\"field checkbox required\"><span class=\"wpcf7-form-control-wrap\" data-name=\"checkbox-gdpr\"><span class=\"wpcf7-form-control wpcf7-checkbox wpcf7-validates-as-required\"><span class=\"wpcf7-list-item first last\"><input type=\"checkbox\" name=\"checkbox-gdpr[]\" value=\"igen\" \/><span class=\"wpcf7-list-item-label\">igen<\/span><\/span><\/span><\/span>\n        <p class=\"info-tip\"><\/p>\n      <\/div>\n    <\/div>\n  <\/div>\n<\/div>\n<div class=\"container\">\n  <div class=\"row\">\n    <div class=\"columns full\">\n      <hr>\n    <\/div>\n  <\/div>\n<\/div>\n<div class=\"container\" id=\"36nJbL\">\n  <div class=\"row\">\n    <div class=\"columns one-fourth\">\n      <div class=\"field row\">\n        <label for=\"\"><font color=\"red\">\u00cdrd le a sz\u00f6veget:<\/font> <input type=\"hidden\" name=\"_wpcf7_captcha_challenge_captcha-1\" value=\"3437256508\" \/><img loading=\"lazy\" decoding=\"async\" class=\"wpcf7-form-control wpcf7-captchac wpcf7-captcha-captcha-1\" width=\"72\" height=\"24\" alt=\"captcha\" src=\"https:\/\/www.steelpower.sk\/wp-content\/uploads\/wpcf7_captcha\/3437256508.png\" \/><span class=\"wpcf7-form-control-wrap\" data-name=\"captcha-1\"><input size=\"40\" class=\"wpcf7-form-control wpcf7-captchar\" autocomplete=\"off\" aria-invalid=\"false\" value=\"\" type=\"text\" name=\"captcha-1\" \/><\/span><\/label>\n      <\/div>\n    <\/div>\n  <\/div>\n<\/div>\n<div class=\"container\">\n  <div class=\"row\">\n    <input class=\"wpcf7-form-control wpcf7-submit has-spinner\" type=\"submit\" value=\"K\u00fcldeni\" \/>\n  <\/div>\n<\/div><p style=\"display: none !important;\"><label>&#916;<textarea name=\"_wpcf7_ak_hp_textarea\" cols=\"45\" rows=\"8\" maxlength=\"100\"><\/textarea><\/label><input type=\"hidden\" id=\"ak_js_1\" name=\"_wpcf7_ak_js\" value=\"118\"\/><script>document.getElementById( \"ak_js_1\" ).setAttribute( \"value\", ( new Date() ).getTime() );<\/script><\/p><div class=\"wpcf7-response-output\" aria-hidden=\"true\"><\/div>\n<\/form>\n<\/div>\n<\/div><\/div>[\/vc_column][vc_column width=&#8221;1\/3&#8243;][vc_single_image image=&#8221;2608&#8243; img_size=&#8221;full&#8221; alignment=&#8221;center&#8221;][vc_single_image image=&#8221;2605&#8243; img_size=&#8221;full&#8221; alignment=&#8221;center&#8221;][vc_single_image image=&#8221;2611&#8243; img_size=&#8221;full&#8221; alignment=&#8221;center&#8221;][\/vc_column][\/vc_row]<\/p>\n<\/div>","protected":false},"excerpt":{"rendered":"<p>[vc_row type=&#8221;vc_default&#8221; margin_top=&#8221;0&#8243; margin_bottom=&#8221;-35&#8243; css=&#8221;.vc_custom_1641641395132{margin-top: 30px !important;margin-bottom: 20px !important;}&#8221;][vc_column width=&#8221;2\/3&#8243;][vc_column_text]STEEL POWER, Kft Lermontovova 3 811 05, Bratislava (Pozsony) Szlov\u00e1kia E-mail: info@steelpower.sk Mobil: +421 911 541 200 ID: 52 881 539 Ad\u00f3sz\u00e1m: 21 2121 5261 EU-ad\u00f3sz\u00e1m: SK 21 2121 5261[\/vc_column_text][\/vc_column][vc_column width=&#8221;1\/3&#8243;][vc_single_image image=&#8221;2608&#8243; img_size=&#8221;full&#8221; alignment=&#8221;center&#8221;][vc_single_image image=&#8221;2605&#8243; img_size=&#8221;full&#8221; alignment=&#8221;center&#8221;][vc_single_image image=&#8221;2611&#8243; img_size=&#8221;full&#8221; alignment=&#8221;center&#8221;][\/vc_column][\/vc_row]<\/p>\n","protected":false},"author":4,"featured_media":0,"parent":0,"menu_order":600,"comment_status":"closed","ping_status":"closed","template":"","meta":{"footnotes":""},"class_list":["post-2990","page","type-page","status-publish","hentry","description-off"],"_links":{"self":[{"href":"https:\/\/www.steelpower.sk\/hu\/wp-json\/wp\/v2\/pages\/2990","targetHints":{"allow":["GET"]}}],"collection":[{"href":"https:\/\/www.steelpower.sk\/hu\/wp-json\/wp\/v2\/pages"}],"about":[{"href":"https:\/\/www.steelpower.sk\/hu\/wp-json\/wp\/v2\/types\/page"}],"author":[{"embeddable":true,"href":"https:\/\/www.steelpower.sk\/hu\/wp-json\/wp\/v2\/users\/4"}],"replies":[{"embeddable":true,"href":"https:\/\/www.steelpower.sk\/hu\/wp-json\/wp\/v2\/comments?post=2990"}],"version-history":[{"count":7,"href":"https:\/\/www.steelpower.sk\/hu\/wp-json\/wp\/v2\/pages\/2990\/revisions"}],"predecessor-version":[{"id":3112,"href":"https:\/\/www.steelpower.sk\/hu\/wp-json\/wp\/v2\/pages\/2990\/revisions\/3112"}],"wp:attachment":[{"href":"https:\/\/www.steelpower.sk\/hu\/wp-json\/wp\/v2\/media?parent=2990"}],"curies":[{"name":"wp","href":"https:\/\/api.w.org\/{rel}","templated":true}]}}