{"id":2982,"date":"2021-12-30T16:42:42","date_gmt":"2021-12-30T15:42:42","guid":{"rendered":"http:\/\/www.consulting.web.home.sk\/munkaero-ajanlat\/"},"modified":"2022-02-16T21:26:41","modified_gmt":"2022-02-16T20:26:41","slug":"munkaero-ajanlat","status":"publish","type":"page","link":"https:\/\/www.steelpower.sk\/hu\/munkaero-ajanlat\/","title":{"rendered":"MUNKAER\u0150 AJ\u00c1NLAT"},"content":{"rendered":"<div class=\"wpb-content-wrapper\"><p>[vc_row][vc_column][vc_custom_heading text=&#8221;V\u00c1LASSZA KI A MUNKAER\u0150T, VAGY A MUNK\u00c1SOKAT, \u00c9S MI FELVESZ\u00dcNK \u00d6NNEL A KAPCSOLATOT.&#8221; font_container=&#8221;tag:h2|text_align:center|color:%23000000&#8243; use_theme_fonts=&#8221;yes&#8221;][vc_column_text]Ha hegeszt\u0151re (EN ISO 9606-1), cs\u0151szerel\u0151re, lakatosra, vagy m\u00e1s, al\u00e1bb felsorolt szakemberre van sz\u00fcks\u00e9ge, keressen minket bizalommal, k\u00e9szs\u00e9ggel \u00e1llunk rendelkez\u00e9s\u00e9re.[\/vc_column_text]<div class=\"cf7sg-container\"><div id=\"cf7sg-form-ponuka-pracovnej-sily-a-prace\" class=\"cf7-smart-grid has-grid key_ponuka-pracovnej-sily-a-prace\">\n<div class=\"wpcf7 no-js\" id=\"wpcf7-f2995-o1\" lang=\"hu-HU\" dir=\"ltr\">\n<div class=\"screen-reader-response\"><p role=\"status\" aria-live=\"polite\" aria-atomic=\"true\"><\/p> <ul><\/ul><\/div>\n<form action=\"\/hu\/wp-json\/wp\/v2\/pages\/2982#wpcf7-f2995-o1\" method=\"post\" class=\"wpcf7-form init\" aria-label=\"Kapcsolatfelv\u00e9teli \u0171rlap\" novalidate=\"novalidate\" data-status=\"init\">\n<div style=\"display: none;\">\n<input type=\"hidden\" name=\"_wpcf7\" value=\"2995\" \/>\n<input type=\"hidden\" name=\"_wpcf7_version\" value=\"5.9.3\" \/>\n<input type=\"hidden\" name=\"_wpcf7_locale\" value=\"hu_HU\" \/>\n<input type=\"hidden\" name=\"_wpcf7_unit_tag\" value=\"wpcf7-f2995-o1\" \/>\n<input type=\"hidden\" name=\"_wpcf7_container_post\" value=\"0\" \/>\n<input type=\"hidden\" name=\"_wpcf7_posted_data_hash\" value=\"\" \/>\n<input type=\"hidden\" name=\"_wpcf7_key\" value=\"munkaero-ajanlat\" \/>\n<input type=\"hidden\" name=\"_cf7sg_toggles\" value=\"\" \/>\n<input type=\"hidden\" name=\"_cf7sg_version\" value=\"4.15.6\" \/>\n<input type=\"hidden\" name=\"_wpnonce\" value=\"ca857aed1e\" \/>\n<\/div>\n<div class=\"container\">\n  <div class=\"row\">\n    <div class=\"columns five\">\n      <div class=\"field\">\n        <ul>\n          <li><label>Hegeszt\u0151 111 P, T (Manual metal-arc welder)<\/label><\/li>\n        <\/ul>\n      <\/div>\n    <\/div>\n    <div class=\"columns seven\">\n      <div class=\"field checkbox\"><span class=\"wpcf7-form-control-wrap\" data-name=\"checkbox-zvarac-111\"><span class=\"wpcf7-form-control wpcf7-checkbox\"><span class=\"wpcf7-list-item first last\"><input type=\"checkbox\" name=\"checkbox-zvarac-111[]\" value=\"igen\" \/><span class=\"wpcf7-list-item-label\">igen<\/span><\/span><\/span><\/span>\n        <p class=\"info-tip\"><\/p>\n      <\/div>\n    <\/div>\n  <\/div>\n<\/div>\n<div class=\"container\">\n  <div class=\"row\">\n    <div class=\"columns five\">\n      <div class=\"field\">\n        <ul>\n          <li><label>Hegeszt\u0151 131,135, 136 P,T (MAG, MIG)<\/label><\/li>\n        <\/ul>\n      <\/div>\n    <\/div>\n    <div class=\"columns seven\">\n      <div class=\"field checkbox\"><span class=\"wpcf7-form-control-wrap\" data-name=\"checkbox-zvarac-131\"><span class=\"wpcf7-form-control wpcf7-checkbox\"><span class=\"wpcf7-list-item first last\"><input type=\"checkbox\" name=\"checkbox-zvarac-131[]\" value=\"igen\" \/><span class=\"wpcf7-list-item-label\">igen<\/span><\/span><\/span><\/span>\n        <p class=\"info-tip\"><\/p>\n      <\/div>\n    <\/div>\n  <\/div>\n<\/div>\n<div class=\"container\">\n  <div class=\"row\">\n    <div class=\"columns five\">\n      <div class=\"field\">\n        <ul>\n          <li><label>Hegeszt\u0151 141, 142 T (TIG, WIG)<\/label><\/li>\n        <\/ul>\n      <\/div>\n    <\/div>\n    <div class=\"columns seven\">\n      <div class=\"field checkbox\"><span class=\"wpcf7-form-control-wrap\" data-name=\"checkbox-zvarac-141\"><span class=\"wpcf7-form-control wpcf7-checkbox\"><span class=\"wpcf7-list-item first last\"><input type=\"checkbox\" name=\"checkbox-zvarac-141[]\" value=\"igen\" \/><span class=\"wpcf7-list-item-label\">igen<\/span><\/span><\/span><\/span>\n        <p class=\"info-tip\"><\/p>\n      <\/div>\n    <\/div>\n  <\/div>\n<\/div>\n<div class=\"container\">\n  <div class=\"row\">\n    <div class=\"columns five\">\n      <div class=\"field\">\n        <ul>\n          <li><label>Hegeszt\u0151, v\u00e1g\u00f3 150 (Plasma welder or Plasma cutter - Plasma arc welding)<\/label><\/li>\n        <\/ul>\n      <\/div>\n    <\/div>\n    <div class=\"columns seven\">\n      <div class=\"field checkbox\"><span class=\"wpcf7-form-control-wrap\" data-name=\"checkbox-palic-150\"><span class=\"wpcf7-form-control wpcf7-checkbox\"><span class=\"wpcf7-list-item first last\"><input type=\"checkbox\" name=\"checkbox-palic-150[]\" value=\"igen\" \/><span class=\"wpcf7-list-item-label\">igen<\/span><\/span><\/span><\/span>\n        <p class=\"info-tip\"><\/p>\n      <\/div>\n    <\/div>\n  <\/div>\n<\/div>\n<div class=\"container\">\n  <div class=\"row\">\n    <div class=\"columns five\">\n      <div class=\"field\">\n        <ul>\n          <li><label>Hegeszt\u0151, v\u00e1g\u00f3 311 (Flame welder or Flame cutter - Fuel gas welding)<\/label><\/li>\n        <\/ul>\n      <\/div>\n    <\/div>\n    <div class=\"columns seven\">\n      <div class=\"field checkbox\"><span class=\"wpcf7-form-control-wrap\" data-name=\"checkbox-palic-311\"><span class=\"wpcf7-form-control wpcf7-checkbox\"><span class=\"wpcf7-list-item first last\"><input type=\"checkbox\" name=\"checkbox-palic-311[]\" value=\"igen\" \/><span class=\"wpcf7-list-item-label\">igen<\/span><\/span><\/span><\/span>\n        <p class=\"info-tip\"><\/p>\n      <\/div>\n    <\/div>\n  <\/div>\n<\/div>\n<div class=\"container\">\n  <div class=\"row\">\n    <div class=\"columns five\">\n      <div class=\"field\">\n        <ul>\n          <li><label>Cs\u0151szerel\u0151<\/label><\/li>\n        <\/ul>\n      <\/div>\n    <\/div>\n    <div class=\"columns seven\">\n      <div class=\"field checkbox\"><span class=\"wpcf7-form-control-wrap\" data-name=\"checkbox-potrubar\"><span class=\"wpcf7-form-control wpcf7-checkbox\"><span class=\"wpcf7-list-item first last\"><input type=\"checkbox\" name=\"checkbox-potrubar[]\" value=\"igen\" \/><span class=\"wpcf7-list-item-label\">igen<\/span><\/span><\/span><\/span>\n        <p class=\"info-tip\"><\/p>\n      <\/div>\n    <\/div>\n  <\/div>\n<\/div>\n<div class=\"container\">\n  <div class=\"row\">\n    <div class=\"columns five\">\n      <div class=\"field\">\n        <ul>\n          <li><label>Lakatos<\/label><\/li>\n        <\/ul>\n      <\/div>\n    <\/div>\n    <div class=\"columns seven\">\n      <div class=\"field checkbox\"><span class=\"wpcf7-form-control-wrap\" data-name=\"checkbox-zamocnik\"><span class=\"wpcf7-form-control wpcf7-checkbox\"><span class=\"wpcf7-list-item first last\"><input type=\"checkbox\" name=\"checkbox-zamocnik[]\" value=\"igen\" \/><span class=\"wpcf7-list-item-label\">igen<\/span><\/span><\/span><\/span>\n        <p class=\"info-tip\"><\/p>\n      <\/div>\n    <\/div>\n  <\/div>\n<\/div>\n<div class=\"container\">\n  <div class=\"row\">\n    <div class=\"columns five\">\n      <div class=\"field\">\n        <ul>\n          <li><label>Szerel\u0151<\/label><\/li>\n        <\/ul>\n      <\/div>\n    <\/div>\n    <div class=\"columns seven\">\n      <div class=\"field checkbox\"><span class=\"wpcf7-form-control-wrap\" data-name=\"checkbox-monter\"><span class=\"wpcf7-form-control wpcf7-checkbox\"><span class=\"wpcf7-list-item first last\"><input type=\"checkbox\" name=\"checkbox-monter[]\" value=\"igen\" \/><span class=\"wpcf7-list-item-label\">igen<\/span><\/span><\/span><\/span>\n        <p class=\"info-tip\"><\/p>\n      <\/div>\n    <\/div>\n  <\/div>\n<\/div>\n<div class=\"container\">\n  <div class=\"row\">\n    <div class=\"columns five\">\n      <div class=\"field\">\n        <ul>\n          <li><label>Villanyszerel\u0151<\/label><\/li>\n        <\/ul>\n      <\/div>\n    <\/div>\n    <div class=\"columns seven\">\n      <div class=\"field checkbox\"><span class=\"wpcf7-form-control-wrap\" data-name=\"checkbox-elektrikar-21\"><span class=\"wpcf7-form-control wpcf7-checkbox\"><span class=\"wpcf7-list-item first last\"><input type=\"checkbox\" name=\"checkbox-elektrikar-21[]\" value=\"igen\" \/><span class=\"wpcf7-list-item-label\">igen<\/span><\/span><\/span><\/span>\n        <p class=\"info-tip\"><\/p>\n      <\/div>\n    <\/div>\n  <\/div>\n<\/div>\n<div class=\"container\">\n  <div class=\"row\">\n    <div class=\"columns five\">\n      <div class=\"field\">\n        <ul>\n          <li><label>F\u00e9mmegmunk\u00e1l\u00e1s, g\u00e9pgy\u00e1rt\u00e1s, berendez\u00e9sgy\u00e1rt\u00e1s vagy egy\u00e9b termel\u00e9s ter\u00fclet\u00e9n dolgoz\u00f3 munkav\u00e1llal\u00f3.<\/label><\/li>\n        <\/ul>\n      <\/div>\n    <\/div>\n    <div class=\"columns seven\">\n      <div class=\"field checkbox\"><span class=\"wpcf7-form-control-wrap\" data-name=\"checkbox-kovovyroba\"><span class=\"wpcf7-form-control wpcf7-checkbox\"><span class=\"wpcf7-list-item first last\"><input type=\"checkbox\" name=\"checkbox-kovovyroba[]\" value=\"igen\" \/><span class=\"wpcf7-list-item-label\">igen<\/span><\/span><\/span><\/span>\n        <p class=\"info-tip\"><\/p>\n      <\/div>\n    <\/div>\n  <\/div>\n<\/div>\n<div class=\"container\">\n  <div class=\"row\">\n    <div class=\"columns five\">\n      <div class=\"field\">\n        <ul>\n          <li><label>\u00d6sszeszerel\u00e9ssel, f\u00e9mterm\u00e9kek, g\u00e9pek, berendez\u00e9sek \u00f6sszeszerel\u00e9s\u00e9vel vagy egy\u00e9b \u00f6sszeszerel\u00e9ssel foglalkoz\u00f3 munkav\u00e1llal\u00f3.<\/label><\/li>\n        <\/ul>\n      <\/div>\n    <\/div>\n    <div class=\"columns seven\">\n      <div class=\"field checkbox\"><span class=\"wpcf7-form-control-wrap\" data-name=\"checkbox-kompletacia\"><span class=\"wpcf7-form-control wpcf7-checkbox\"><span class=\"wpcf7-list-item first last\"><input type=\"checkbox\" name=\"checkbox-kompletacia[]\" value=\"igen\" \/><span class=\"wpcf7-list-item-label\">igen<\/span><\/span><\/span><\/span>\n        <p class=\"info-tip\"><\/p>\n      <\/div>\n    <\/div>\n  <\/div>\n<\/div>\n<div class=\"container\">\n  <div class=\"row\">\n    <div class=\"columns five\">\n      <div class=\"field\">\n        <ul>\n          <li><label>Gy\u00e1rt\u00f3soron dolgoz\u00f3 (termel\u00e9si oper\u00e1tor)<\/label><\/li>\n        <\/ul>\n      <\/div>\n    <\/div>\n    <div class=\"columns seven\">\n      <div class=\"field checkbox\"><span class=\"wpcf7-form-control-wrap\" data-name=\"checkbox-linky\"><span class=\"wpcf7-form-control wpcf7-checkbox\"><span class=\"wpcf7-list-item first last\"><input type=\"checkbox\" name=\"checkbox-linky[]\" value=\"igen\" \/><span class=\"wpcf7-list-item-label\">igen<\/span><\/span><\/span><\/span>\n        <p class=\"info-tip\"><\/p>\n      <\/div>\n    <\/div>\n  <\/div>\n<\/div>\n<div class=\"container\">\n  <div class=\"row\">\n    <div class=\"columns five\">\n      <div class=\"field\">\n        <ul>\n          <li><label>Hegeszt\u0151 technol\u00f3gus<\/label><\/li>\n        <\/ul>\n      <\/div>\n    <\/div>\n    <div class=\"columns seven\">\n      <div class=\"field checkbox\"><span class=\"wpcf7-form-control-wrap\" data-name=\"checkbox-zvaraci-technolog\"><span class=\"wpcf7-form-control wpcf7-checkbox\"><span class=\"wpcf7-list-item first last\"><input type=\"checkbox\" name=\"checkbox-zvaraci-technolog[]\" value=\"igen\" \/><span class=\"wpcf7-list-item-label\">igen<\/span><\/span><\/span><\/span>\n        <p class=\"info-tip\"><\/p>\n      <\/div>\n    <\/div>\n  <\/div>\n<\/div>\n<div class=\"container\">\n  <div class=\"row\">\n    <div class=\"columns five\">\n      <div class=\"field\">\n        <ul>\n          <li><label>F\u0151szerel\u0151<\/label><\/li>\n        <\/ul>\n      <\/div>\n    <\/div>\n    <div class=\"columns seven\">\n      <div class=\"field checkbox\"><span class=\"wpcf7-form-control-wrap\" data-name=\"checkbox-sefmonter\"><span class=\"wpcf7-form-control wpcf7-checkbox\"><span class=\"wpcf7-list-item first last\"><input type=\"checkbox\" name=\"checkbox-sefmonter[]\" value=\"igen\" \/><span class=\"wpcf7-list-item-label\">igen<\/span><\/span><\/span><\/span>\n        <p class=\"info-tip\"><\/p>\n      <\/div>\n    <\/div>\n  <\/div>\n<\/div>\n<div class=\"container\">\n  <div class=\"row\">\n    <div class=\"columns five\">\n      <div class=\"field\">\n        <ul>\n          <li><label>Sz\u00e1ll\u00edt\u00e1si rendszerek szak\u00e9rt\u0151je (\u00f6mlesztett anyagok pneumatikus sz\u00e1ll\u00edt\u00e1sa, biomassza mechanikus sz\u00e1ll\u00edt\u00e1sa, RDF, hullad\u00e9k, hamu, sz\u00e9n, stb.)<\/label><\/li>\n        <\/ul>\n      <\/div>\n    <\/div>\n    <div class=\"columns seven\">\n      <div class=\"field checkbox\"><span class=\"wpcf7-form-control-wrap\" data-name=\"checkbox-dopravne-systemy\"><span class=\"wpcf7-form-control wpcf7-checkbox\"><span class=\"wpcf7-list-item first last\"><input type=\"checkbox\" name=\"checkbox-dopravne-systemy[]\" value=\"igen\" \/><span class=\"wpcf7-list-item-label\">igen<\/span><\/span><\/span><\/span>\n        <p class=\"info-tip\"><\/p>\n      <\/div>\n    <\/div>\n  <\/div>\n<\/div>\n<div class=\"container\">\n  <div class=\"row\">\n    <div class=\"columns five\">\n      <div class=\"field\">\n        <ul>\n          <li><label>Egy\u00e9b<\/label><\/li>\n        <\/ul>\n      <\/div>\n    <\/div>\n    <div class=\"columns four\">\n      <div class=\"field text\"><span class=\"wpcf7-form-control-wrap\" data-name=\"your-job\"><input size=\"40\" class=\"wpcf7-form-control wpcf7-text\" aria-invalid=\"false\" value=\"\" type=\"text\" name=\"your-job\" \/><\/span>\n        <p class=\"info-tip\"><\/p>\n      <\/div>\n    <\/div>\n    <div class=\"columns third\">\n      <div class=\"field text hidden\"><span class=\"wpcf7-form-control-wrap\" data-name=\"checkbox-ine\"><span class=\"wpcf7-form-control wpcf7-checkbox\"><span class=\"wpcf7-list-item first last\"><input type=\"checkbox\" name=\"checkbox-ine[]\" value=\"igen\" \/><span class=\"wpcf7-list-item-label\">igen<\/span><\/span><\/span><\/span>\n        <p class=\"info-tip\"><\/p>\n      <\/div>\n    <\/div>\n  <\/div>\n<\/div>\n<div class=\"container\">\n  <div class=\"row\">\n    <div class=\"columns one-third\">\n      <div class=\"field\"><label>Keresztn\u00e9v *<\/label>\n        <p class=\"info-tip\"><\/p>\n      <\/div>\n    <\/div>\n    <div class=\"columns two-thirds\">\n      <div class=\"field text required\"><span class=\"wpcf7-form-control-wrap\" data-name=\"your-forname\"><input size=\"40\" class=\"wpcf7-form-control wpcf7-text wpcf7-validates-as-required\" aria-required=\"true\" aria-invalid=\"false\" value=\"\" type=\"text\" name=\"your-forname\" \/><\/span>\n        <p class=\"info-tip\"><\/p>\n      <\/div>\n    <\/div>\n  <\/div>\n<\/div>\n<div class=\"container\">\n  <div class=\"row\">\n    <div class=\"columns one-third\">\n      <div class=\"field\"><label>Vezet\u00e9kn\u00e9v *<\/label>\n        <p class=\"info-tip\"><\/p>\n      <\/div>\n    <\/div>\n    <div class=\"columns two-thirds\">\n      <div class=\"field text required\"><span class=\"wpcf7-form-control-wrap\" data-name=\"your-lastname\"><input size=\"40\" class=\"wpcf7-form-control wpcf7-text wpcf7-validates-as-required\" aria-required=\"true\" aria-invalid=\"false\" value=\"\" type=\"text\" name=\"your-lastname\" \/><\/span>\n        <p class=\"info-tip\"><\/p>\n      <\/div>\n    <\/div>\n  <\/div>\n<\/div>\n<div class=\"container\">\n  <div class=\"row\">\n    <div class=\"columns one-third\">\n      <div class=\"field\"><label>E-mail *<\/label>\n        <p class=\"info-tip\"><\/p>\n      <\/div>\n    <\/div>\n    <div class=\"columns two-thirds\">\n      <div class=\"field text required\"><span class=\"wpcf7-form-control-wrap\" data-name=\"your-email\"><input size=\"40\" class=\"wpcf7-form-control wpcf7-email wpcf7-validates-as-required wpcf7-text wpcf7-validates-as-email\" aria-required=\"true\" aria-invalid=\"false\" value=\"\" type=\"email\" name=\"your-email\" \/><\/span>\n        <p class=\"info-tip\"><\/p>\n      <\/div>\n    <\/div>\n  <\/div>\n<\/div>\n<div class=\"container\">\n  <div class=\"row\">\n    <div class=\"columns one-third\">\n      <div class=\"field\"><label>Telefon * (+421 XXX XXX XXX) <\/label>\n        <p class=\"info-tip\"><\/p>\n      <\/div>\n    <\/div>\n    <div class=\"columns two-thirds\">\n      <div class=\"field text required\"><span class=\"wpcf7-form-control-wrap\" data-name=\"your-phone\"><input size=\"40\" class=\"wpcf7-form-control wpcf7-tel wpcf7-validates-as-required wpcf7-text wpcf7-validates-as-tel\" aria-required=\"true\" aria-invalid=\"false\" value=\"\" type=\"tel\" name=\"your-phone\" \/><\/span>\n        <p class=\"info-tip\"><\/p>\n      <\/div>\n    <\/div>\n  <\/div>\n<\/div>\n<div class=\"container\">\n  <div class=\"row\">\n    <div class=\"columns one-third\">\n      <div class=\"field\"><label>Hozz\u00e1j\u00e1rul\u00e1s a szem\u00e9lyes adatok kezel\u00e9s\u00e9hez:<\/label>\n        <p class=\"info-tip\"><\/p>\n      <\/div>\n    <\/div>\n    <div class=\"columns two-thirds cf7sgfocus\">\n      <div class=\"field checkbox required\"><span class=\"wpcf7-form-control-wrap\" data-name=\"checkbox-gdpr\"><span class=\"wpcf7-form-control wpcf7-checkbox wpcf7-validates-as-required\"><span class=\"wpcf7-list-item first last\"><input type=\"checkbox\" name=\"checkbox-gdpr[]\" value=\"igen\" \/><span class=\"wpcf7-list-item-label\">igen<\/span><\/span><\/span><\/span>\n        <p class=\"info-tip\"><\/p>\n      <\/div>\n    <\/div>\n  <\/div>\n<\/div>\n<div class=\"container\">\n  <div class=\"row\">\n    <div class=\"columns full\">\n      <hr>\n    <\/div>\n  <\/div>\n<\/div>\n<div class=\"container\" id=\"36nJbL\">\n  <div class=\"row\">\n    <div class=\"columns one-fourth\">\n      <div class=\"field row\">\n        <label for=\"\"><font color=\"red\">\u00cdrd le a sz\u00f6veget:<\/font> <input type=\"hidden\" name=\"_wpcf7_captcha_challenge_captcha-1\" value=\"2792480624\" \/><img loading=\"lazy\" decoding=\"async\" class=\"wpcf7-form-control wpcf7-captchac wpcf7-captcha-captcha-1\" width=\"72\" height=\"24\" alt=\"captcha\" src=\"https:\/\/www.steelpower.sk\/wp-content\/uploads\/wpcf7_captcha\/2792480624.png\" \/><span class=\"wpcf7-form-control-wrap\" data-name=\"captcha-1\"><input size=\"40\" class=\"wpcf7-form-control wpcf7-captchar\" autocomplete=\"off\" aria-invalid=\"false\" value=\"\" type=\"text\" name=\"captcha-1\" \/><\/span><\/label>\n      <\/div>\n    <\/div>\n  <\/div>\n<\/div>\n<div class=\"container\">\n  <div class=\"row\">\n    <input class=\"wpcf7-form-control wpcf7-submit has-spinner\" type=\"submit\" value=\"MUNK\u00c1SOK \u00c9RDEKELNEK\" \/>\n  <\/div>\n<\/div><p style=\"display: none !important;\"><label>&#916;<textarea name=\"_wpcf7_ak_hp_textarea\" cols=\"45\" rows=\"8\" maxlength=\"100\"><\/textarea><\/label><input type=\"hidden\" id=\"ak_js_1\" name=\"_wpcf7_ak_js\" value=\"151\"\/><script>document.getElementById( \"ak_js_1\" ).setAttribute( \"value\", ( new Date() ).getTime() );<\/script><\/p><div class=\"wpcf7-response-output\" aria-hidden=\"true\"><\/div>\n<\/form>\n<\/div>\n<\/div><\/div>[vc_empty_space height=&#8221;16px&#8221;][vc_column_text]<\/p>\n<p style=\"text-align: center;\"><strong>*<\/strong> &#8211; k\u00f6telez\u00f5<\/p>\n<p>[\/vc_column_text][vc_empty_space height=&#8221;16px&#8221;][vc_single_image image=&#8221;2278&#8243; img_size=&#8221;full&#8221; alignment=&#8221;center&#8221;][\/vc_column][\/vc_row]<\/p>\n<\/div>","protected":false},"excerpt":{"rendered":"<p>[vc_row][vc_column][vc_custom_heading text=&#8221;V\u00c1LASSZA KI A MUNKAER\u0150T, VAGY A MUNK\u00c1SOKAT, \u00c9S MI FELVESZ\u00dcNK \u00d6NNEL A KAPCSOLATOT.&#8221; font_container=&#8221;tag:h2|text_align:center|color:%23000000&#8243; use_theme_fonts=&#8221;yes&#8221;][vc_column_text]Ha hegeszt\u0151re (EN ISO 9606-1), cs\u0151szerel\u0151re, lakatosra, vagy m\u00e1s, al\u00e1bb felsorolt szakemberre van sz\u00fcks\u00e9ge, keressen minket bizalommal, k\u00e9szs\u00e9ggel \u00e1llunk rendelkez\u00e9s\u00e9re.[\/vc_column_text][vc_empty_space height=&#8221;16px&#8221;][vc_column_text] * &#8211; k\u00f6telez\u00f5 [\/vc_column_text][vc_empty_space height=&#8221;16px&#8221;][vc_single_image image=&#8221;2278&#8243; img_size=&#8221;full&#8221; alignment=&#8221;center&#8221;][\/vc_column][\/vc_row]<\/p>\n","protected":false},"author":4,"featured_media":0,"parent":0,"menu_order":0,"comment_status":"closed","ping_status":"closed","template":"","meta":{"footnotes":""},"class_list":["post-2982","page","type-page","status-publish","hentry","description-off"],"_links":{"self":[{"href":"https:\/\/www.steelpower.sk\/hu\/wp-json\/wp\/v2\/pages\/2982","targetHints":{"allow":["GET"]}}],"collection":[{"href":"https:\/\/www.steelpower.sk\/hu\/wp-json\/wp\/v2\/pages"}],"about":[{"href":"https:\/\/www.steelpower.sk\/hu\/wp-json\/wp\/v2\/types\/page"}],"author":[{"embeddable":true,"href":"https:\/\/www.steelpower.sk\/hu\/wp-json\/wp\/v2\/users\/4"}],"replies":[{"embeddable":true,"href":"https:\/\/www.steelpower.sk\/hu\/wp-json\/wp\/v2\/comments?post=2982"}],"version-history":[{"count":5,"href":"https:\/\/www.steelpower.sk\/hu\/wp-json\/wp\/v2\/pages\/2982\/revisions"}],"predecessor-version":[{"id":2988,"href":"https:\/\/www.steelpower.sk\/hu\/wp-json\/wp\/v2\/pages\/2982\/revisions\/2988"}],"wp:attachment":[{"href":"https:\/\/www.steelpower.sk\/hu\/wp-json\/wp\/v2\/media?parent=2982"}],"curies":[{"name":"wp","href":"https:\/\/api.w.org\/{rel}","templated":true}]}}