{"id":2972,"date":"2021-12-30T16:42:21","date_gmt":"2021-12-30T15:42:21","guid":{"rendered":"http:\/\/www.consulting.web.home.sk\/keptar\/"},"modified":"2022-02-16T21:17:00","modified_gmt":"2022-02-16T20:17:00","slug":"keptar","status":"publish","type":"page","link":"https:\/\/www.steelpower.sk\/hu\/keptar\/","title":{"rendered":"K\u00c9PT\u00c1R"},"content":{"rendered":"<div class=\"wpb-content-wrapper\"><p>[vc_row][vc_column][vc_custom_heading text=&#8221;ER\u0150M\u0170VEK&#8221; font_container=&#8221;tag:h3|text_align:left|color:%23000000&#8243; use_theme_fonts=&#8221;yes&#8221;][vc_media_grid element_width=&#8221;3&#8243; grid_id=&#8221;vc_gid:1642284456778-94f59b28-856f-8&#8243; include=&#8221;2253,2256,2259,2262,2269,2272,2275,2674&#8243;][\/vc_column][\/vc_row][vc_row][vc_column][vc_custom_heading text=&#8221;T\u00c1VF\u0170T\u00c9S&#8221; font_container=&#8221;tag:h3|text_align:left|color:%23000000&#8243; use_theme_fonts=&#8221;yes&#8221;][vc_media_grid element_width=&#8221;3&#8243; grid_id=&#8221;vc_gid:1642284456780-75758079-4e8a-4&#8243; include=&#8221;2284,2287,2290,2296&#8243;][\/vc_column][\/vc_row][vc_row][vc_column][vc_custom_heading text=&#8221;PETROK\u00c9MIAI IPAR&#8221; font_container=&#8221;tag:h3|text_align:left|color:%23000000&#8243; use_theme_fonts=&#8221;yes&#8221;][vc_media_grid element_width=&#8221;3&#8243; grid_id=&#8221;vc_gid:1642284456781-118dcd61-8464-6&#8243; include=&#8221;2578,2581,2584,2587,2590,2593,2596,2599&#8243;][\/vc_column][\/vc_row][vc_row][vc_column][vc_custom_heading text=&#8221;VEGYIPAR&#8221; font_container=&#8221;tag:h3|text_align:left|color:%23000000&#8243; use_theme_fonts=&#8221;yes&#8221;][vc_media_grid element_width=&#8221;3&#8243; grid_id=&#8221;vc_gid:1642284456782-1db783ed-c49a-8&#8243; include=&#8221;2572,2566,2563,2560&#8243;][\/vc_column][\/vc_row][vc_row][vc_column][vc_custom_heading text=&#8221;\u00c9LELMISZERIPAR&#8221; font_container=&#8221;tag:h3|text_align:left|color:%23000000&#8243; use_theme_fonts=&#8221;yes&#8221;][vc_media_grid element_width=&#8221;3&#8243; grid_id=&#8221;vc_gid:1642284456783-7b84ec58-4a22-9&#8243; include=&#8221;2299,2305,2308,2311&#8243;][\/vc_column][\/vc_row][vc_row][vc_column][vc_custom_heading text=&#8221;CS\u0150VEZET\u00c9KEK&#8221; font_container=&#8221;tag:h3|text_align:left|color:%23000000&#8243; use_theme_fonts=&#8221;yes&#8221;][vc_media_grid element_width=&#8221;3&#8243; grid_id=&#8221;vc_gid:1642284456784-4e2c26f7-4a4e-6&#8243; include=&#8221;2314,2317,2320,2323,2326,2329,2332,2335,2338,2341,2344,2347&#8243;][\/vc_column][\/vc_row][vc_row][vc_column][vc_custom_heading text=&#8221;AC\u00c9LSZERKEZETEK&#8221; font_container=&#8221;tag:h3|text_align:left|color:%23000000&#8243; use_theme_fonts=&#8221;yes&#8221;][vc_media_grid element_width=&#8221;3&#8243; grid_id=&#8221;vc_gid:1642284456785-15b18b67-d620-5&#8243; include=&#8221;2350,2353,2356,2359&#8243;][\/vc_column][\/vc_row][vc_row][vc_column][vc_custom_heading text=&#8221;L\u00c9GKOND\u00cdCION\u00c1L\u00c1S&#8221; font_container=&#8221;tag:h3|text_align:left|color:%23000000&#8243; use_theme_fonts=&#8221;yes&#8221;][vc_media_grid element_width=&#8221;3&#8243; grid_id=&#8221;vc_gid:1642284456786-7566f31a-040a-9&#8243; include=&#8221;2368,2371,2377,2380&#8243;][\/vc_column][\/vc_row][vc_row][vc_column][vc_custom_heading text=&#8221;HEGESZT\u0150K&#8221; font_container=&#8221;tag:h3|text_align:left|color:%23000000&#8243; use_theme_fonts=&#8221;yes&#8221;][vc_media_grid element_width=&#8221;3&#8243; grid_id=&#8221;vc_gid:1642284456787-56b5e922-e7fa-3&#8243; include=&#8221;2386,2389,2392,2395,2398,2401,2404,2407,2410,2413,2416,2419,2422,2425,2428,2665&#8243;][\/vc_column][\/vc_row][vc_row][vc_column][vc_custom_heading text=&#8221;LAKATOSOK&#8221; font_container=&#8221;tag:h3|text_align:left|color:%23000000&#8243; use_theme_fonts=&#8221;yes&#8221;][vc_media_grid element_width=&#8221;3&#8243; grid_id=&#8221;vc_gid:1642284456788-04bef843-2a96-0&#8243; include=&#8221;2431,2434,2437,2440,2443,2446,2449,2452,2455,2458,2461,2671&#8243;][\/vc_column][\/vc_row][vc_row][vc_column][vc_custom_heading text=&#8221;SZEREL\u0150K, CS\u0150SZEREL\u0150K&#8221; font_container=&#8221;tag:h3|text_align:left|color:%23000000&#8243; use_theme_fonts=&#8221;yes&#8221;][vc_media_grid element_width=&#8221;3&#8243; grid_id=&#8221;vc_gid:1642284456789-45ad1844-09e5-3&#8243; include=&#8221;2464,2467,2470,2473&#8243;][\/vc_column][\/vc_row][vc_row][vc_column][vc_custom_heading text=&#8221;VILLANYSZEREL\u0150K&#8221; font_container=&#8221;tag:h3|text_align:left|color:%23000000&#8243; use_theme_fonts=&#8221;yes&#8221;][vc_media_grid element_width=&#8221;3&#8243; grid_id=&#8221;vc_gid:1642284456791-234a72bc-e8c2-1&#8243; include=&#8221;2476,2479,2482&#8243;][\/vc_column][\/vc_row][vc_row][vc_column][vc_custom_heading text=&#8221;SZEREL\u00c9SI FEL\u00dcGYELET&#8221; font_container=&#8221;tag:h3|text_align:left|color:%23000000&#8243; use_theme_fonts=&#8221;yes&#8221;][vc_media_grid element_width=&#8221;3&#8243; grid_id=&#8221;vc_gid:1642284456791-b6d80a86-3a1d-8&#8243; include=&#8221;2485,2488,2494,2497&#8243;][\/vc_column][\/vc_row][vc_row][vc_column][vc_custom_heading text=&#8221;TAN\u00c1CSAD\u00c1S&#8221; font_container=&#8221;tag:h3|text_align:left|color:%23000000&#8243; use_theme_fonts=&#8221;yes&#8221;][vc_media_grid element_width=&#8221;3&#8243; grid_id=&#8221;vc_gid:1642284456792-32dd3474-510d-8&#8243; include=&#8221;2524,2527,2530,2533,2539,2542,2548,2551&#8243;][\/vc_column][\/vc_row]<\/p>\n<\/div>","protected":false},"excerpt":{"rendered":"<p>[vc_row][vc_column][vc_custom_heading text=&#8221;ER\u0150M\u0170VEK&#8221; font_container=&#8221;tag:h3|text_align:left|color:%23000000&#8243; use_theme_fonts=&#8221;yes&#8221;][vc_media_grid element_width=&#8221;3&#8243; grid_id=&#8221;vc_gid:1642284456778-94f59b28-856f-8&#8243; include=&#8221;2253,2256,2259,2262,2269,2272,2275,2674&#8243;][\/vc_column][\/vc_row][vc_row][vc_column][vc_custom_heading text=&#8221;T\u00c1VF\u0170T\u00c9S&#8221; font_container=&#8221;tag:h3|text_align:left|color:%23000000&#8243; use_theme_fonts=&#8221;yes&#8221;][vc_media_grid element_width=&#8221;3&#8243; grid_id=&#8221;vc_gid:1642284456780-75758079-4e8a-4&#8243; include=&#8221;2284,2287,2290,2296&#8243;][\/vc_column][\/vc_row][vc_row][vc_column][vc_custom_heading text=&#8221;PETROK\u00c9MIAI IPAR&#8221; font_container=&#8221;tag:h3|text_align:left|color:%23000000&#8243; use_theme_fonts=&#8221;yes&#8221;][vc_media_grid element_width=&#8221;3&#8243; grid_id=&#8221;vc_gid:1642284456781-118dcd61-8464-6&#8243; include=&#8221;2578,2581,2584,2587,2590,2593,2596,2599&#8243;][\/vc_column][\/vc_row][vc_row][vc_column][vc_custom_heading text=&#8221;VEGYIPAR&#8221; font_container=&#8221;tag:h3|text_align:left|color:%23000000&#8243; use_theme_fonts=&#8221;yes&#8221;][vc_media_grid element_width=&#8221;3&#8243; grid_id=&#8221;vc_gid:1642284456782-1db783ed-c49a-8&#8243; include=&#8221;2572,2566,2563,2560&#8243;][\/vc_column][\/vc_row][vc_row][vc_column][vc_custom_heading text=&#8221;\u00c9LELMISZERIPAR&#8221; font_container=&#8221;tag:h3|text_align:left|color:%23000000&#8243; use_theme_fonts=&#8221;yes&#8221;][vc_media_grid element_width=&#8221;3&#8243; grid_id=&#8221;vc_gid:1642284456783-7b84ec58-4a22-9&#8243; include=&#8221;2299,2305,2308,2311&#8243;][\/vc_column][\/vc_row][vc_row][vc_column][vc_custom_heading text=&#8221;CS\u0150VEZET\u00c9KEK&#8221; font_container=&#8221;tag:h3|text_align:left|color:%23000000&#8243; use_theme_fonts=&#8221;yes&#8221;][vc_media_grid element_width=&#8221;3&#8243; grid_id=&#8221;vc_gid:1642284456784-4e2c26f7-4a4e-6&#8243; include=&#8221;2314,2317,2320,2323,2326,2329,2332,2335,2338,2341,2344,2347&#8243;][\/vc_column][\/vc_row][vc_row][vc_column][vc_custom_heading text=&#8221;AC\u00c9LSZERKEZETEK&#8221; font_container=&#8221;tag:h3|text_align:left|color:%23000000&#8243; use_theme_fonts=&#8221;yes&#8221;][vc_media_grid element_width=&#8221;3&#8243; grid_id=&#8221;vc_gid:1642284456785-15b18b67-d620-5&#8243; include=&#8221;2350,2353,2356,2359&#8243;][\/vc_column][\/vc_row][vc_row][vc_column][vc_custom_heading text=&#8221;L\u00c9GKOND\u00cdCION\u00c1L\u00c1S&#8221; font_container=&#8221;tag:h3|text_align:left|color:%23000000&#8243; use_theme_fonts=&#8221;yes&#8221;][vc_media_grid element_width=&#8221;3&#8243; grid_id=&#8221;vc_gid:1642284456786-7566f31a-040a-9&#8243; include=&#8221;2368,2371,2377,2380&#8243;][\/vc_column][\/vc_row][vc_row][vc_column][vc_custom_heading text=&#8221;HEGESZT\u0150K&#8221; font_container=&#8221;tag:h3|text_align:left|color:%23000000&#8243; use_theme_fonts=&#8221;yes&#8221;][vc_media_grid element_width=&#8221;3&#8243; grid_id=&#8221;vc_gid:1642284456787-56b5e922-e7fa-3&#8243;&hellip;<\/p>\n","protected":false},"author":4,"featured_media":0,"parent":0,"menu_order":0,"comment_status":"closed","ping_status":"closed","template":"","meta":{"footnotes":""},"class_list":["post-2972","page","type-page","status-publish","hentry","description-off"],"_links":{"self":[{"href":"https:\/\/www.steelpower.sk\/hu\/wp-json\/wp\/v2\/pages\/2972","targetHints":{"allow":["GET"]}}],"collection":[{"href":"https:\/\/www.steelpower.sk\/hu\/wp-json\/wp\/v2\/pages"}],"about":[{"href":"https:\/\/www.steelpower.sk\/hu\/wp-json\/wp\/v2\/types\/page"}],"author":[{"embeddable":true,"href":"https:\/\/www.steelpower.sk\/hu\/wp-json\/wp\/v2\/users\/4"}],"replies":[{"embeddable":true,"href":"https:\/\/www.steelpower.sk\/hu\/wp-json\/wp\/v2\/comments?post=2972"}],"version-history":[{"count":2,"href":"https:\/\/www.steelpower.sk\/hu\/wp-json\/wp\/v2\/pages\/2972\/revisions"}],"predecessor-version":[{"id":2974,"href":"https:\/\/www.steelpower.sk\/hu\/wp-json\/wp\/v2\/pages\/2972\/revisions\/2974"}],"wp:attachment":[{"href":"https:\/\/www.steelpower.sk\/hu\/wp-json\/wp\/v2\/media?parent=2972"}],"curies":[{"name":"wp","href":"https:\/\/api.w.org\/{rel}","templated":true}]}}