{"id":2968,"date":"2021-12-18T11:48:39","date_gmt":"2021-12-18T10:48:39","guid":{"rendered":"http:\/\/www.consulting.web.home.sk\/szolgaltatasok\/"},"modified":"2024-10-02T17:52:45","modified_gmt":"2024-10-02T15:52:45","slug":"szolgaltatasok","status":"publish","type":"page","link":"https:\/\/www.steelpower.sk\/hu\/szolgaltatasok\/","title":{"rendered":"SZOLG\u00c1LTAT\u00c1SOK"},"content":{"rendered":"<div class=\"wpb-content-wrapper\"><p>[vc_row el_class=&#8221;service&#8221;][vc_column][vc_column_text]<\/p>\n<h3 style=\"color: #145c9e;\">SZEM\u00c9LYZETET BIZTOS\u00cdTUNK A K\u00d6VETKEZ\u0150 IPARI TEV\u00c9KENYS\u00c9GEKHEZ:<\/h3>\n<ul style=\"line-height: 1.5em;\">\n<li>\n<h4>F\u00c9MFELDOLGOZ\u00c1S, F\u00c9MTERM\u00c9KEK GY\u00c1RT\u00c1SA.<\/h4>\n<\/li>\n<li>\n<h4>G\u00c9PEK \u00c9S BERENDEZ\u00c9SEK GY\u00c1RT\u00c1SA.<\/h4>\n<\/li>\n<li>\n<h4>TECHNOL\u00d3GIAI BERENDEZ\u00c9SEK GY\u00c1RT\u00c1SA.<\/h4>\n<\/li>\n<li>\n<h4>KAZ\u00c1NOK GY\u00c1RT\u00c1SA (KAZ\u00c1NOK NYOM\u00c1S ALATTI \u00c9S NEMNYOM\u00c1S ALATTI R\u00c9SZEK GY\u00c1RT\u00c1SA).<\/h4>\n<\/li>\n<li>\n<h4>CS\u0150VEZET\u00c9KEK GY\u00c1RT\u00c1SA.<\/h4>\n<\/li>\n<li>\n<h4>NYOM\u00c1START\u00d3 \u00c9S NEM NYOM\u00c1START\u00d3 ED\u00c9NYEK GY\u00c1RT\u00c1SA.<\/h4>\n<\/li>\n<li>\n<h4>TART\u00c1LYOK \u00c9S KONTAINEREK GY\u00c1RT\u00c1SA.<\/h4>\n<\/li>\n<li>\n<h4>AC\u00c9LSZERKEZETEK GY\u00c1RT\u00c1SA.<\/h4>\n<\/li>\n<li>\n<h4>ENERGETIKAI, PETROLK\u00c9MIAI \u00c9S \u00c9LELMISZERIPARI BERENDEZ\u00c9SEK GY\u00c1RT\u00c1SA F\u00c9MB\u0150L.<\/h4>\n<\/li>\n<li>\n<h4>ELEKTROMOS G\u00c9PAK \u00c9S BERENDEZ\u00c9SEK GY\u00c1RT\u00c1SA.<\/h4>\n<\/li>\n<li>\n<h4>G\u0150Z \u00c9S MELEGV\u00cdZ KAZ\u00c1NOK \u00c9S H\u0150ER\u0150M\u0170VEK \u00d6SSZESZEREL\u00c9SE, BONT\u00c1SA \u00c9S JAV\u00cdT\u00c1SA..<\/h4>\n<\/li>\n<li>\n<h4>ATOMER\u0150M\u0170VEK TECHNOL\u00d3GIAI BERENDEZ\u00c9S\u00c9NEK \u00d6SSZESZEREL\u00c9SE, BONT\u00c1SA \u00c9S JAV\u00cdT\u00c1SA.<\/h4>\n<\/li>\n<li>\n<h4>TECHNOL\u00d3GIAI BERENDEZ\u00c9SEK, CS\u0150VEZET\u00c9KRENDSZEREK \u00c9S AC\u00c9LSZERKEZETEK \u00d6SSZESZEREL\u00c9SE, BONT\u00c1SA \u00c9S JAV\u00cdT\u00c1SA IPARI \u00c9P\u00cdTM\u00c9NYEKHEZ.<\/h4>\n<\/li>\n<li>\n<h4>IPARI KL\u00cdMA \u00c9S KL\u00cdMAELOSZT\u00d3 RENDSZEREK \u00c9S BERENDEZ\u00c9SEK \u00d6SSZESZEREL\u00c9SE, BONT\u00c1SA.<\/h4>\n<\/li>\n<li>\n<h4>IPARI \u00c9P\u00dcLETEK T\u0170ZV\u00c9DELMI VEZET\u00c9KEINEK \u00d6SSZESZEREL\u00c9SE, BONT\u00c1SA.<\/h4>\n<\/li>\n<li>\n<h4>ELEKTROMOS BERENDEZ\u00c9SEK, G\u00c9PEK \u00c9S ELEKTROMOS VEZET\u00c9KEK TELEP\u00cdT\u00c9SE.<\/h4>\n<\/li>\n<li>\n<h4>NYOM\u00c1START\u00d3 \u00c9S NEM NYOM\u00c1START\u00d3 ED\u00c9NYEK \u00c9S TART\u00c1LYOK HEGESZT\u00c9SE.<\/h4>\n<\/li>\n<li>\n<h4>\u00c9VES KARBANTART\u00c1S \u00c9S SZERVIZ TEV\u00c9KENYS\u00c9GEK.<\/h4>\n<\/li>\n<li>\n<h4>ENERGIA-, PETROK\u00c9MIAI VAGY \u00c9LELMISZERIPARI RENDSZEREK-\u00c9P\u00cdT\u00c9SE, TECHNOL\u00d3GIAI VEZET\u00c9KEK TELEP\u00cdT\u00c9SE, JAV\u00cdT\u00c1SA \u00c9S KARBANTART\u00c1SA A TECHNOL\u00d3GIAI BERENDEZ\u00c9SEK M\u0170K\u00d6D\u00c9SE VAGY LE\u00c1LL\u00cdT\u00c1SA ALATT.<\/h4>\n<\/li>\n<li>\n<h4>TAN\u00c1CSAD\u00c1SI \u00c9S M\u00c9RN\u00d6KI TEV\u00c9KENYS\u00c9G AZ ENERGETIKAI \u00c9S IPARI \u00c9P\u00cdTKEZ\u00c9S TER\u00dcLET\u00c9N.<\/h4>\n<\/li>\n<\/ul>\n<p>[\/vc_column_text][vc_column_text]<\/p>\n<h3 style=\"color: #145c9e;\">A K\u00d6VETKEZ\u0150 SZAKEMBEREK BIZTOS\u00cdT\u00c1S\u00c1T K\u00cdN\u00c1LJUK:<\/h3>\n<ul>\n<li>\n<h5>HEGESZT\u0150 (111, 131,135, 136, 141, 142, AZ EN ISO 9606-1 NORMA SZERINT)<\/h5>\n<\/li>\n<li>\n<h5>L\u00c1NG-HEGESZT\u0150, V\u00c1G\u00d3 (150, 311 AZ EN ISO 9606-1 NORMA SZERINT)<\/h5>\n<\/li>\n<li>\n<h5>Cs\u0151szerel\u0151<\/h5>\n<\/li>\n<li>\n<h5>Lakatos<\/h5>\n<\/li>\n<li>\n<h5>Szerel\u0151<\/h5>\n<\/li>\n<li>\n<h5>Hegeszt\u00e9stechnol\u00f3gus<\/h5>\n<\/li>\n<li>\n<h5>F\u0151szerel\u0151<\/h5>\n<\/li>\n<li>\n<h5>\u00c9p\u00edtkez\u00e9svezet\u0151<\/h5>\n<\/li>\n<li>\n<h5>VILLANYSZEREL\u0150<\/h5>\n<\/li>\n<li>\n<h5>Projektmenedzser<\/h5>\n<\/li>\n<li>\n<h5>SZ\u00c1LL\u00cdT\u00c1SI RENDSZEREK SZAKEMBERE (PNEUMATIKUS SZ\u00c1LL\u00cdT\u00c1S, BIOMASSZA MECHANIKUS SZ\u00c1LL\u00cdT\u00c1SA, RDF, HULLAD\u00c9K, PERNYE, \u00c1GYHAMU, SZ\u00c9N, stb.)<\/h5>\n<\/li>\n<li>\n<h5>Forg\u00f3g\u00e9pek (sz\u00e9nmalmok, szivatty\u00fak, kompresszorok, f\u00fav\u00f3k stb.) szak\u00e9rt\u0151je<\/h5>\n<\/li>\n<li>\n<h5>Gy\u00e1rt\u00f3 oper\u00e1tor &#8211; gy\u00e1rt\u00f3g\u00e9pek, sorok \u00e9s berendez\u00e9sek \u00fczemeltet\u00e9se<\/h5>\n<\/li>\n<li>\n<h5>Ipari termel\u00e9s munk\u00e1s<\/h5>\n<\/li>\n<li>\n<h5>Term\u00e9k\u00f6sszeszerel\u0151 munk\u00e1s az ipari termel\u00e9sben<\/h5>\n<\/li>\n<li>\n<h5>FEL\u00dcGYELETI TECHNIKUSOK K\u00d6ZVETLEN\u00dcL AZ \u00c9P\u00cdTKEZ\u00c9S HELYSZ\u00cdN\u00c9N A K\u00d6VETKEZ\u0150 TECHNOL\u00d3GI\u00c1KRA:<\/h5>\n<ul>\n<li>\n<h5>CS\u0150VEZET\u00c9KEK<\/h5>\n<\/li>\n<li>\n<h5>AC\u00c9LSZERKEZET<\/h5>\n<\/li>\n<li>\n<h5>HULLAD\u00c9K, BIOMASSZA, G\u00c1Z, OLAJ, SZ\u00c9N\u00c9GET\u0150, G\u0150Z- \u00c9S MELEGV\u00cdZ KAZ\u00c1NOK<\/h5>\n<\/li>\n<li>\n<h5>TECHNOL\u00d3GIAI BERENDEZ\u00c9SEK<\/h5>\n<\/li>\n<li>\n<h5>AZ \u00dcGYF\u00c9L \u00c1LTAL IG\u00c9NYELT B\u00c1RMELY IPARI \u00c1GAZAT<\/h5>\n<\/li>\n<\/ul>\n<\/li>\n<\/ul>\n<p>[\/vc_column_text][vc_column_text]<\/p>\n<h3 style=\"color: #145c9e;\">SZEM\u00c9LYZETET BIZTOS\u00cdTUNK A K\u00d6VETKEZ\u0150 IPARI \u00c1GAZATOKHOZ:<\/h3>\n<ul>\n<li>\n<h5>ENERGETIKA<\/h5>\n<\/li>\n<li>\n<h5>G\u00c9P\u00c9SZET<\/h5>\n<\/li>\n<li>\n<h5>H\u00d6ELL\u00c1T\u00c1S<\/h5>\n<\/li>\n<li>\n<h5>GY\u00d3GYSZERIPAR<\/h5>\n<\/li>\n<li>\n<h5>PETROK\u00c9MIAI IPAR<\/h5>\n<\/li>\n<li>\n<h5>VEGYIPAR<\/h5>\n<\/li>\n<li>\n<h5>\u00c9LELMISZERIPAR<\/h5>\n<\/li>\n<li>\n<h5>EGY\u00c9B \u00c1GAZATOK AZ \u00dcGYFELEK IG\u00c9NYEI SZERINT<\/h5>\n<\/li>\n<\/ul>\n<p>[\/vc_column_text][\/vc_column][\/vc_row][vc_row][vc_column][vc_media_grid element_width=&#8221;2&#8243; grid_id=&#8221;vc_gid:1727883513450-9ac4778d-f88d-4&#8243; include=&#8221;2195,2194,2110,1964,2111,2103,2101,2104,2093,2094,2100,2106,2105,2006,2002,2096,2097,1942&#8243;][\/vc_column][\/vc_row]<\/p>\n<\/div>","protected":false},"excerpt":{"rendered":"<p>[vc_row el_class=&#8221;service&#8221;][vc_column][vc_column_text] SZEM\u00c9LYZETET BIZTOS\u00cdTUNK A K\u00d6VETKEZ\u0150 IPARI TEV\u00c9KENYS\u00c9GEKHEZ: F\u00c9MFELDOLGOZ\u00c1S, F\u00c9MTERM\u00c9KEK GY\u00c1RT\u00c1SA. G\u00c9PEK \u00c9S BERENDEZ\u00c9SEK GY\u00c1RT\u00c1SA. TECHNOL\u00d3GIAI BERENDEZ\u00c9SEK GY\u00c1RT\u00c1SA. KAZ\u00c1NOK GY\u00c1RT\u00c1SA (KAZ\u00c1NOK NYOM\u00c1S ALATTI \u00c9S NEMNYOM\u00c1S ALATTI R\u00c9SZEK GY\u00c1RT\u00c1SA). CS\u0150VEZET\u00c9KEK GY\u00c1RT\u00c1SA. NYOM\u00c1START\u00d3 \u00c9S NEM NYOM\u00c1START\u00d3 ED\u00c9NYEK GY\u00c1RT\u00c1SA. TART\u00c1LYOK \u00c9S KONTAINEREK GY\u00c1RT\u00c1SA. AC\u00c9LSZERKEZETEK GY\u00c1RT\u00c1SA. ENERGETIKAI, PETROLK\u00c9MIAI \u00c9S \u00c9LELMISZERIPARI BERENDEZ\u00c9SEK GY\u00c1RT\u00c1SA F\u00c9MB\u0150L. ELEKTROMOS G\u00c9PAK \u00c9S BERENDEZ\u00c9SEK GY\u00c1RT\u00c1SA. G\u0150Z&hellip;<\/p>\n","protected":false},"author":4,"featured_media":0,"parent":0,"menu_order":0,"comment_status":"closed","ping_status":"closed","template":"","meta":{"footnotes":""},"class_list":["post-2968","page","type-page","status-publish","hentry","description-off"],"_links":{"self":[{"href":"https:\/\/www.steelpower.sk\/hu\/wp-json\/wp\/v2\/pages\/2968","targetHints":{"allow":["GET"]}}],"collection":[{"href":"https:\/\/www.steelpower.sk\/hu\/wp-json\/wp\/v2\/pages"}],"about":[{"href":"https:\/\/www.steelpower.sk\/hu\/wp-json\/wp\/v2\/types\/page"}],"author":[{"embeddable":true,"href":"https:\/\/www.steelpower.sk\/hu\/wp-json\/wp\/v2\/users\/4"}],"replies":[{"embeddable":true,"href":"https:\/\/www.steelpower.sk\/hu\/wp-json\/wp\/v2\/comments?post=2968"}],"version-history":[{"count":10,"href":"https:\/\/www.steelpower.sk\/hu\/wp-json\/wp\/v2\/pages\/2968\/revisions"}],"predecessor-version":[{"id":3315,"href":"https:\/\/www.steelpower.sk\/hu\/wp-json\/wp\/v2\/pages\/2968\/revisions\/3315"}],"wp:attachment":[{"href":"https:\/\/www.steelpower.sk\/hu\/wp-json\/wp\/v2\/media?parent=2968"}],"curies":[{"name":"wp","href":"https:\/\/api.w.org\/{rel}","templated":true}]}}