{"id":2964,"date":"2016-01-29T09:51:22","date_gmt":"2016-01-29T08:51:22","guid":{"rendered":"http:\/\/www.consulting.web.home.sk\/bevezetes\/"},"modified":"2023-11-12T14:09:03","modified_gmt":"2023-11-12T13:09:03","slug":"bevezetes","status":"publish","type":"page","link":"https:\/\/www.steelpower.sk\/hu\/","title":{"rendered":"BEVEZET\u00c9S:"},"content":{"rendered":"<div class=\"wpb-content-wrapper\"><p>[vc_row full_width=&#8221;stretch_row&#8221;][vc_column][vc_single_image image=&#8221;2239&#8243; img_size=&#8221;full&#8221; alignment=&#8221;center&#8221;][\/vc_column][\/vc_row][vc_row content_placement=&#8221;middle&#8221; parallax=&#8221;content-moving&#8221;][vc_column][vc_column_text]<\/p>\n<p style=\"font-weight: bold; font-size: 1rem;\">Az STEEL POWER Kft egy g\u00e9pipari mag\u00e1nc\u00e9g, amely k\u00e9pzett \u00e9s tapasztalt szem\u00e9lyzetet biztos\u00edt k\u00fcl\u00f6nb\u00f6z\u0151 ipar\u00e1gak sz\u00e1m\u00e1ra. Tov\u00e1bb\u00e1 konzult\u00e1ns \u00e9s tan\u00e1csad\u00e1si szolg\u00e1ltat\u00e1sokat is ny\u00fajt az ipari \u00e9s energetikai g\u00e9p\u00e9szet ter\u00fclet\u00e9n.<\/p>\n<p style=\"font-weight: bold; font-size: 1rem;\">A STEEL POWER f\u0151 tev\u00e9kenys\u00e9ge a k\u00f6vetkez\u0151:<\/p>\n<ul style=\"font-weight: bold; font-size: 1rem;\">\n<li>munkaer\u0151 k\u00f6lcs\u00f6nz\u00e9s k\u00e9ziszersz\u00e1mok \u00e9s munkav\u00e9delmi eszk\u00f6z\u00f6k biztos\u00edt\u00e1sa n\u00e9lk\u00fcl<\/li>\n<li>a munk\u00e1hoz sz\u00fcks\u00e9ges munkav\u00e9delmi eszk\u00f6z\u00f6kkel felszerelt munkaer\u0151 biztos\u00edt\u00e1sa<\/li>\n<li>a munk\u00e1hoz sz\u00fcks\u00e9ges k\u00e9ziszersz\u00e1mokkal \u00e9s munkav\u00e9delmi eszk\u00f6z\u00f6kkel felszerelt munkaer\u0151 biztos\u00edt\u00e1sa<\/li>\n<li>a STEEL POWER Kft \u00e1ltal kulcsra k\u00e9szen t\u00f6rt\u00e9n\u0151 munkav\u00e9gz\u00e9s &#8211; szerel\u00e9si munk\u00e1k, fel\u00faj\u00edt\u00e1sok, jav\u00edt\u00e1sok, berendez\u00e9sek karbantart\u00e1sa stb.<\/li>\n<li>a STEEL POWER Kft \u00e1ltal v\u00e9gzett munk\u00e1k kulcsrak\u00e9sz sz\u00e1ll\u00edt\u00e1sa a technol\u00f3giai berendez\u00e9sek, anyagsz\u00e1ll\u00edt\u00e1sok biztos\u00edt\u00e1s\u00e1val is a megrendel\u0151 specifik\u00e1ci\u00f3ja\/ig\u00e9nye szerint<\/li>\n<\/ul>\n<p style=\"font-weight: bold; font-size: 1rem;\">A c\u00e9g menedzsmentje t\u00f6bb \u00e9vtizedes tapasztalattal rendelkezik az ipari \u00e9s energetikai \u00e9p\u00edtm\u00e9nyek \u00e9p\u00edt\u00e9s\u00e9ben, valamint munkaer\u0151 biztos\u00edt\u00e1s\u00e1ban ezekhez a tev\u00e9kenys\u00e9gekhez.<br \/>\nEur\u00f3pai piacon tev\u00e9kenyked\u00fcnk, de az \u00fcgyfelek ig\u00e9nyeinek eleget t\u00e9ve szolg\u00e1ltat\u00e1saink a vil\u00e1gpiacon sem kiv\u00e9telek.<\/p>\n<p style=\"font-weight: bold; font-size: 1rem;\">C\u00e9lunk, hogy a legmagasabb min\u0151s\u00e9get k\u00edn\u00e1ljuk elfogadhat\u00f3 \u00e1ron, ami egyben a legnagyobb versenyel\u0151ny\u00fcnk is.<\/p>\n<p style=\"font-weight: bold; font-size: 1rem;\">Ha, \u00d6n egy c\u00e9g, vagy mag\u00e1nszem\u00e9ly, aki megb\u00edzhat\u00f3 partnert keres b\u00e1rmely ipar\u00e1g \u00f6sszeszerel\u00e9si vagy gy\u00e1rt\u00e1si szf\u00e9r\u00e1j\u00e1nak munkaer\u0151-biztos\u00edt\u00e1s\u00e1ban, akkor teljes k\u00f6r\u0171en \u00e1llunk rendelkez\u00e9s\u00e9re.<\/p>\n<p>[\/vc_column_text][\/vc_column][\/vc_row][vc_row][vc_column width=&#8221;1\/2&#8243;][vc_btn title=&#8221;\u00c1LL\u00c1SAJ\u00c1NLAT&#8221; style=&#8221;classic&#8221; color=&#8221;danger&#8221; align=&#8221;center&#8221; button_block=&#8221;true&#8221; link=&#8221;url:https%3A%2F%2Fwww.steelpower.sk%2Fhu%2Fallasajanlat%2F|title:Ponuka%20pr%C3%A1ce&#8221;][\/vc_column][vc_column width=&#8221;1\/2&#8243;][vc_btn title=&#8221;MUNKAER\u0150 AJ\u00c1NLAT&#8221; style=&#8221;classic&#8221; color=&#8221;danger&#8221; align=&#8221;center&#8221; button_block=&#8221;true&#8221; link=&#8221;url:https%3A%2F%2Fwww.steelpower.sk%2Fhu%2Fmunkaero-ajanlat%2F|title:Ponuka%20pr%C3%A1ce&#8221;][\/vc_column][\/vc_row]<\/p>\n<\/div>","protected":false},"excerpt":{"rendered":"<p>[vc_row full_width=&#8221;stretch_row&#8221;][vc_column][vc_single_image image=&#8221;2239&#8243; img_size=&#8221;full&#8221; alignment=&#8221;center&#8221;][\/vc_column][\/vc_row][vc_row content_placement=&#8221;middle&#8221; parallax=&#8221;content-moving&#8221;][vc_column][vc_column_text] Az STEEL POWER Kft egy g\u00e9pipari mag\u00e1nc\u00e9g, amely k\u00e9pzett \u00e9s tapasztalt szem\u00e9lyzetet biztos\u00edt k\u00fcl\u00f6nb\u00f6z\u0151 ipar\u00e1gak sz\u00e1m\u00e1ra. Tov\u00e1bb\u00e1 konzult\u00e1ns \u00e9s tan\u00e1csad\u00e1si szolg\u00e1ltat\u00e1sokat is ny\u00fajt az ipari \u00e9s energetikai g\u00e9p\u00e9szet ter\u00fclet\u00e9n. A STEEL POWER f\u0151 tev\u00e9kenys\u00e9ge a k\u00f6vetkez\u0151: munkaer\u0151 k\u00f6lcs\u00f6nz\u00e9s k\u00e9ziszersz\u00e1mok \u00e9s munkav\u00e9delmi eszk\u00f6z\u00f6k biztos\u00edt\u00e1sa n\u00e9lk\u00fcl a munk\u00e1hoz sz\u00fcks\u00e9ges munkav\u00e9delmi&hellip;<\/p>\n","protected":false},"author":4,"featured_media":0,"parent":0,"menu_order":0,"comment_status":"closed","ping_status":"closed","template":"","meta":{"footnotes":""},"class_list":["post-2964","page","type-page","status-publish","hentry","description-off"],"_links":{"self":[{"href":"https:\/\/www.steelpower.sk\/hu\/wp-json\/wp\/v2\/pages\/2964","targetHints":{"allow":["GET"]}}],"collection":[{"href":"https:\/\/www.steelpower.sk\/hu\/wp-json\/wp\/v2\/pages"}],"about":[{"href":"https:\/\/www.steelpower.sk\/hu\/wp-json\/wp\/v2\/types\/page"}],"author":[{"embeddable":true,"href":"https:\/\/www.steelpower.sk\/hu\/wp-json\/wp\/v2\/users\/4"}],"replies":[{"embeddable":true,"href":"https:\/\/www.steelpower.sk\/hu\/wp-json\/wp\/v2\/comments?post=2964"}],"version-history":[{"count":16,"href":"https:\/\/www.steelpower.sk\/hu\/wp-json\/wp\/v2\/pages\/2964\/revisions"}],"predecessor-version":[{"id":3258,"href":"https:\/\/www.steelpower.sk\/hu\/wp-json\/wp\/v2\/pages\/2964\/revisions\/3258"}],"wp:attachment":[{"href":"https:\/\/www.steelpower.sk\/hu\/wp-json\/wp\/v2\/media?parent=2964"}],"curies":[{"name":"wp","href":"https:\/\/api.w.org\/{rel}","templated":true}]}}