{"id":2873,"date":"2021-12-30T16:42:42","date_gmt":"2021-12-30T15:42:42","guid":{"rendered":"http:\/\/www.consulting.web.home.sk\/arbeitnehmerangebot\/"},"modified":"2022-02-19T16:44:54","modified_gmt":"2022-02-19T15:44:54","slug":"arbeitnehmerangebot","status":"publish","type":"page","link":"https:\/\/www.steelpower.sk\/de\/arbeitnehmerangebot\/","title":{"rendered":"ANGEBOT VON ARBEITSKR\u00c4FTEN"},"content":{"rendered":"<div class=\"wpb-content-wrapper\"><p>[vc_row][vc_column][vc_custom_heading text=&#8221;W\u00e4hlen Sie eine gesuchte Arbeitskraft oder einen gesuchten Arbeiter, und wir werden Sie umgehend kontaktieren.&#8221; font_container=&#8221;tag:h2|text_align:center|color:%23000000&#8243; use_theme_fonts=&#8221;yes&#8221;][vc_column_text]Falls Sie einen\/mehrere Schwei\u00dfer (EN ISO 9606 \u2013 1), Rohrleger, Schlosser, eventuell einen anderen unten erw\u00e4hnten Beruf ben\u00f6tigen, kontaktieren Sie uns. Wir sind bereit, sie f\u00fcr Sie bereitzustellen.[\/vc_column_text]<div class=\"cf7sg-container\"><div id=\"cf7sg-form-ponuka-pracovnej-sily-a-prace\" class=\"cf7-smart-grid has-grid key_ponuka-pracovnej-sily-a-prace\">\n<div class=\"wpcf7 no-js\" id=\"wpcf7-f2893-o1\" lang=\"de-DE\" dir=\"ltr\">\n<div class=\"screen-reader-response\"><p role=\"status\" aria-live=\"polite\" aria-atomic=\"true\"><\/p> <ul><\/ul><\/div>\n<form action=\"\/de\/wp-json\/wp\/v2\/pages\/2873#wpcf7-f2893-o1\" method=\"post\" class=\"wpcf7-form init\" aria-label=\"Kontaktformular\" novalidate=\"novalidate\" data-status=\"init\">\n<div style=\"display: none;\">\n<input type=\"hidden\" name=\"_wpcf7\" value=\"2893\" \/>\n<input type=\"hidden\" name=\"_wpcf7_version\" value=\"5.9.3\" \/>\n<input type=\"hidden\" name=\"_wpcf7_locale\" value=\"de_DE\" \/>\n<input type=\"hidden\" name=\"_wpcf7_unit_tag\" value=\"wpcf7-f2893-o1\" \/>\n<input type=\"hidden\" name=\"_wpcf7_container_post\" value=\"0\" \/>\n<input type=\"hidden\" name=\"_wpcf7_posted_data_hash\" value=\"\" \/>\n<input type=\"hidden\" name=\"_wpcf7_key\" value=\"arbeitnehmerangebot\" \/>\n<input type=\"hidden\" name=\"_cf7sg_toggles\" value=\"\" \/>\n<input type=\"hidden\" name=\"_cf7sg_version\" value=\"4.15.6\" \/>\n<input type=\"hidden\" name=\"_wpnonce\" value=\"944474b5fa\" \/>\n<\/div>\n<div class=\"container\">\n  <div class=\"row\">\n    <div class=\"columns five\">\n      <div class=\"field\">\n        <ul>\n          <li><label>Schwei\u00dfer mit g\u00fcltigem Zertifikat (Manual metal-arc welder)<\/label><\/li>\n        <\/ul>\n      <\/div>\n    <\/div>\n    <div class=\"columns seven\">\n      <div class=\"field checkbox\"><span class=\"wpcf7-form-control-wrap\" data-name=\"checkbox-zvarac-111\"><span class=\"wpcf7-form-control wpcf7-checkbox\"><span class=\"wpcf7-list-item first last\"><input type=\"checkbox\" name=\"checkbox-zvarac-111[]\" value=\"ja\" \/><span class=\"wpcf7-list-item-label\">ja<\/span><\/span><\/span><\/span>\n        <p class=\"info-tip\"><\/p>\n      <\/div>\n    <\/div>\n  <\/div>\n<\/div>\n<div class=\"container\">\n  <div class=\"row\">\n    <div class=\"columns five\">\n      <div class=\"field\">\n        <ul>\n          <li><label>Schwei\u00dfer mit g\u00fcltigen Zertifikaten 131,135, 136 P,T (MAG, MIG)<\/label><\/li>\n        <\/ul>\n      <\/div>\n    <\/div>\n    <div class=\"columns seven\">\n      <div class=\"field checkbox\"><span class=\"wpcf7-form-control-wrap\" data-name=\"checkbox-zvarac-131\"><span class=\"wpcf7-form-control wpcf7-checkbox\"><span class=\"wpcf7-list-item first last\"><input type=\"checkbox\" name=\"checkbox-zvarac-131[]\" value=\"ja\" \/><span class=\"wpcf7-list-item-label\">ja<\/span><\/span><\/span><\/span>\n        <p class=\"info-tip\"><\/p>\n      <\/div>\n    <\/div>\n  <\/div>\n<\/div>\n<div class=\"container\">\n  <div class=\"row\">\n    <div class=\"columns five\">\n      <div class=\"field\">\n        <ul>\n          <li><label>Schwei\u00dfer mit g\u00fcltigen Zertifikaten 141, 142 T (TIG, WIG)<\/label><\/li>\n        <\/ul>\n      <\/div>\n    <\/div>\n    <div class=\"columns seven\">\n      <div class=\"field checkbox\"><span class=\"wpcf7-form-control-wrap\" data-name=\"checkbox-zvarac-141\"><span class=\"wpcf7-form-control wpcf7-checkbox\"><span class=\"wpcf7-list-item first last\"><input type=\"checkbox\" name=\"checkbox-zvarac-141[]\" value=\"ja\" \/><span class=\"wpcf7-list-item-label\">ja<\/span><\/span><\/span><\/span>\n        <p class=\"info-tip\"><\/p>\n      <\/div>\n    <\/div>\n  <\/div>\n<\/div>\n<div class=\"container\">\n  <div class=\"row\">\n    <div class=\"columns five\">\n      <div class=\"field\">\n        <ul>\n          <li><label>Schwei\u00dfer oder Brennschneider 150 (Plasma welder or Plasma cutter - Plasma arc welding)<\/label><\/li>\n        <\/ul>\n      <\/div>\n    <\/div>\n    <div class=\"columns seven\">\n      <div class=\"field checkbox\"><span class=\"wpcf7-form-control-wrap\" data-name=\"checkbox-palic-150\"><span class=\"wpcf7-form-control wpcf7-checkbox\"><span class=\"wpcf7-list-item first last\"><input type=\"checkbox\" name=\"checkbox-palic-150[]\" value=\"ja\" \/><span class=\"wpcf7-list-item-label\">ja<\/span><\/span><\/span><\/span>\n        <p class=\"info-tip\"><\/p>\n      <\/div>\n    <\/div>\n  <\/div>\n<\/div>\n<div class=\"container\">\n  <div class=\"row\">\n    <div class=\"columns five\">\n      <div class=\"field\">\n        <ul>\n          <li><label>Schwei\u00dfer oder Brennschneider 311 (Flame welder or Flame cutter - Fuel gas welding)<\/label><\/li>\n        <\/ul>\n      <\/div>\n    <\/div>\n    <div class=\"columns seven\">\n      <div class=\"field checkbox\"><span class=\"wpcf7-form-control-wrap\" data-name=\"checkbox-palic-311\"><span class=\"wpcf7-form-control wpcf7-checkbox\"><span class=\"wpcf7-list-item first last\"><input type=\"checkbox\" name=\"checkbox-palic-311[]\" value=\"ja\" \/><span class=\"wpcf7-list-item-label\">ja<\/span><\/span><\/span><\/span>\n        <p class=\"info-tip\"><\/p>\n      <\/div>\n    <\/div>\n  <\/div>\n<\/div>\n<div class=\"container\">\n  <div class=\"row\">\n    <div class=\"columns five\">\n      <div class=\"field\">\n        <ul>\n          <li><label>Rohrleger<\/label><\/li>\n        <\/ul>\n      <\/div>\n    <\/div>\n    <div class=\"columns seven\">\n      <div class=\"field checkbox\"><span class=\"wpcf7-form-control-wrap\" data-name=\"checkbox-potrubar\"><span class=\"wpcf7-form-control wpcf7-checkbox\"><span class=\"wpcf7-list-item first last\"><input type=\"checkbox\" name=\"checkbox-potrubar[]\" value=\"ja\" \/><span class=\"wpcf7-list-item-label\">ja<\/span><\/span><\/span><\/span>\n        <p class=\"info-tip\"><\/p>\n      <\/div>\n    <\/div>\n  <\/div>\n<\/div>\n<div class=\"container\">\n  <div class=\"row\">\n    <div class=\"columns five\">\n      <div class=\"field\">\n        <ul>\n          <li><label>Schlosser<\/label><\/li>\n        <\/ul>\n      <\/div>\n    <\/div>\n    <div class=\"columns seven\">\n      <div class=\"field checkbox\"><span class=\"wpcf7-form-control-wrap\" data-name=\"checkbox-zamocnik\"><span class=\"wpcf7-form-control wpcf7-checkbox\"><span class=\"wpcf7-list-item first last\"><input type=\"checkbox\" name=\"checkbox-zamocnik[]\" value=\"ja\" \/><span class=\"wpcf7-list-item-label\">ja<\/span><\/span><\/span><\/span>\n        <p class=\"info-tip\"><\/p>\n      <\/div>\n    <\/div>\n  <\/div>\n<\/div>\n<div class=\"container\">\n  <div class=\"row\">\n    <div class=\"columns five\">\n      <div class=\"field\">\n        <ul>\n          <li><label>Monteur<\/label><\/li>\n        <\/ul>\n      <\/div>\n    <\/div>\n    <div class=\"columns seven\">\n      <div class=\"field checkbox\"><span class=\"wpcf7-form-control-wrap\" data-name=\"checkbox-monter\"><span class=\"wpcf7-form-control wpcf7-checkbox\"><span class=\"wpcf7-list-item first last\"><input type=\"checkbox\" name=\"checkbox-monter[]\" value=\"ja\" \/><span class=\"wpcf7-list-item-label\">ja<\/span><\/span><\/span><\/span>\n        <p class=\"info-tip\"><\/p>\n      <\/div>\n    <\/div>\n  <\/div>\n<\/div>\n<div class=\"container\">\n  <div class=\"row\">\n    <div class=\"columns five\">\n      <div class=\"field\">\n        <ul>\n          <li><label>Elektriker<\/label><\/li>\n        <\/ul>\n      <\/div>\n    <\/div>\n    <div class=\"columns seven\">\n      <div class=\"field checkbox\"><span class=\"wpcf7-form-control-wrap\" data-name=\"checkbox-elektrikar-21\"><span class=\"wpcf7-form-control wpcf7-checkbox\"><span class=\"wpcf7-list-item first last\"><input type=\"checkbox\" name=\"checkbox-elektrikar-21[]\" value=\"ja\" \/><span class=\"wpcf7-list-item-label\">ja<\/span><\/span><\/span><\/span>\n        <p class=\"info-tip\"><\/p>\n      <\/div>\n    <\/div>\n  <\/div>\n<\/div>\n<div class=\"container\">\n  <div class=\"row\">\n    <div class=\"columns five\">\n      <div class=\"field\">\n        <ul>\n          <li><label>Arbeiter in der Metallverarbeitung, der Herstellung von Maschinen, Ger\u00e4ten oder anderen Produkten.<\/label><\/li>\n        <\/ul>\n      <\/div>\n    <\/div>\n    <div class=\"columns seven\">\n      <div class=\"field checkbox\"><span class=\"wpcf7-form-control-wrap\" data-name=\"checkbox-kovovyroba\"><span class=\"wpcf7-form-control wpcf7-checkbox\"><span class=\"wpcf7-list-item first last\"><input type=\"checkbox\" name=\"checkbox-kovovyroba[]\" value=\"ja\" \/><span class=\"wpcf7-list-item-label\">ja<\/span><\/span><\/span><\/span>\n        <p class=\"info-tip\"><\/p>\n      <\/div>\n    <\/div>\n  <\/div>\n<\/div>\n<div class=\"container\">\n  <div class=\"row\">\n    <div class=\"columns five\">\n      <div class=\"field\">\n        <ul>\n          <li><label>Arbeiter f\u00fcr die Montage, Montage von Metallprodukten, Maschinen, Ausr\u00fcstung oder andere Montage.<\/label><\/li>\n        <\/ul>\n      <\/div>\n    <\/div>\n    <div class=\"columns seven\">\n      <div class=\"field checkbox\"><span class=\"wpcf7-form-control-wrap\" data-name=\"checkbox-kompletacia\"><span class=\"wpcf7-form-control wpcf7-checkbox\"><span class=\"wpcf7-list-item first last\"><input type=\"checkbox\" name=\"checkbox-kompletacia[]\" value=\"ja\" \/><span class=\"wpcf7-list-item-label\">ja<\/span><\/span><\/span><\/span>\n        <p class=\"info-tip\"><\/p>\n      <\/div>\n    <\/div>\n  <\/div>\n<\/div>\n<div class=\"container\">\n  <div class=\"row\">\n    <div class=\"columns five\">\n      <div class=\"field\">\n        <ul>\n          <li><label>Arbeiter am Flie\u00dfband (Produktionsmitarbeiter)<\/label><\/li>\n        <\/ul>\n      <\/div>\n    <\/div>\n    <div class=\"columns seven\">\n      <div class=\"field checkbox\"><span class=\"wpcf7-form-control-wrap\" data-name=\"checkbox-linky\"><span class=\"wpcf7-form-control wpcf7-checkbox\"><span class=\"wpcf7-list-item first last\"><input type=\"checkbox\" name=\"checkbox-linky[]\" value=\"ja\" \/><span class=\"wpcf7-list-item-label\">ja<\/span><\/span><\/span><\/span>\n        <p class=\"info-tip\"><\/p>\n      <\/div>\n    <\/div>\n  <\/div>\n<\/div>\n<div class=\"container\">\n  <div class=\"row\">\n    <div class=\"columns five\">\n      <div class=\"field\">\n        <ul>\n          <li><label>Schwei\u00dftechnologe<\/label><\/li>\n        <\/ul>\n      <\/div>\n    <\/div>\n    <div class=\"columns seven\">\n      <div class=\"field checkbox\"><span class=\"wpcf7-form-control-wrap\" data-name=\"checkbox-zvaraci-technolog\"><span class=\"wpcf7-form-control wpcf7-checkbox\"><span class=\"wpcf7-list-item first last\"><input type=\"checkbox\" name=\"checkbox-zvaraci-technolog[]\" value=\"ja\" \/><span class=\"wpcf7-list-item-label\">ja<\/span><\/span><\/span><\/span>\n        <p class=\"info-tip\"><\/p>\n      <\/div>\n    <\/div>\n  <\/div>\n<\/div>\n<div class=\"container\">\n  <div class=\"row\">\n    <div class=\"columns five\">\n      <div class=\"field\">\n        <ul>\n          <li><label>Chefmonteur<\/label><\/li>\n        <\/ul>\n      <\/div>\n    <\/div>\n    <div class=\"columns seven\">\n      <div class=\"field checkbox\"><span class=\"wpcf7-form-control-wrap\" data-name=\"checkbox-sefmonter\"><span class=\"wpcf7-form-control wpcf7-checkbox\"><span class=\"wpcf7-list-item first last\"><input type=\"checkbox\" name=\"checkbox-sefmonter[]\" value=\"ja\" \/><span class=\"wpcf7-list-item-label\">ja<\/span><\/span><\/span><\/span>\n        <p class=\"info-tip\"><\/p>\n      <\/div>\n    <\/div>\n  <\/div>\n<\/div>\n<div class=\"container\">\n  <div class=\"row\">\n    <div class=\"columns five\">\n      <div class=\"field\">\n        <ul>\n          <li><label>Spezialist f\u00fcr Verkehrssysteme (Pneumatischer Transport von Sch\u00fcttstoffen, mechanischer Transport von Biomasse, RDF, Abf\u00e4llen, Asche, Kohle,\u2026.)<\/label><\/li>\n        <\/ul>\n      <\/div>\n    <\/div>\n    <div class=\"columns seven\">\n      <div class=\"field checkbox\"><span class=\"wpcf7-form-control-wrap\" data-name=\"checkbox-dopravne-systemy\"><span class=\"wpcf7-form-control wpcf7-checkbox\"><span class=\"wpcf7-list-item first last\"><input type=\"checkbox\" name=\"checkbox-dopravne-systemy[]\" value=\"ja\" \/><span class=\"wpcf7-list-item-label\">ja<\/span><\/span><\/span><\/span>\n        <p class=\"info-tip\"><\/p>\n      <\/div>\n    <\/div>\n  <\/div>\n<\/div>\n<div class=\"container\">\n  <div class=\"row\">\n    <div class=\"columns five\">\n      <div class=\"field\">\n        <ul>\n          <li><label>Sonstiges<\/label><\/li>\n        <\/ul>\n      <\/div>\n    <\/div>\n    <div class=\"columns four\">\n      <div class=\"field text\"><span class=\"wpcf7-form-control-wrap\" data-name=\"your-job\"><input size=\"40\" class=\"wpcf7-form-control wpcf7-text\" aria-invalid=\"false\" value=\"\" type=\"text\" name=\"your-job\" \/><\/span>\n        <p class=\"info-tip\"><\/p>\n      <\/div>\n    <\/div>\n    <div class=\"columns third\">\n      <div class=\"field text hidden\"><span class=\"wpcf7-form-control-wrap\" data-name=\"checkbox-ine\"><span class=\"wpcf7-form-control wpcf7-checkbox\"><span class=\"wpcf7-list-item first last\"><input type=\"checkbox\" name=\"checkbox-ine[]\" value=\"ja\" \/><span class=\"wpcf7-list-item-label\">ja<\/span><\/span><\/span><\/span>\n        <p class=\"info-tip\"><\/p>\n      <\/div>\n    <\/div>\n  <\/div>\n<\/div>\n<div class=\"container\">\n  <div class=\"row\">\n    <div class=\"columns one-third\">\n      <div class=\"field\"><label>Vorname*<\/label>\n        <p class=\"info-tip\"><\/p>\n      <\/div>\n    <\/div>\n    <div class=\"columns two-thirds\">\n      <div class=\"field text required\"><span class=\"wpcf7-form-control-wrap\" data-name=\"your-forname\"><input size=\"40\" class=\"wpcf7-form-control wpcf7-text wpcf7-validates-as-required\" aria-required=\"true\" aria-invalid=\"false\" value=\"\" type=\"text\" name=\"your-forname\" \/><\/span>\n        <p class=\"info-tip\"><\/p>\n      <\/div>\n    <\/div>\n  <\/div>\n<\/div>\n<div class=\"container\">\n  <div class=\"row\">\n    <div class=\"columns one-third\">\n      <div class=\"field\"><label>Nachname*<\/label>\n        <p class=\"info-tip\"><\/p>\n      <\/div>\n    <\/div>\n    <div class=\"columns two-thirds\">\n      <div class=\"field text required\"><span class=\"wpcf7-form-control-wrap\" data-name=\"your-lastname\"><input size=\"40\" class=\"wpcf7-form-control wpcf7-text wpcf7-validates-as-required\" aria-required=\"true\" aria-invalid=\"false\" value=\"\" type=\"text\" name=\"your-lastname\" \/><\/span>\n        <p class=\"info-tip\"><\/p>\n      <\/div>\n    <\/div>\n  <\/div>\n<\/div>\n<div class=\"container\">\n  <div class=\"row\">\n    <div class=\"columns one-third\">\n      <div class=\"field\"><label>E-Mail-Adresse<\/label>\n        <p class=\"info-tip\"><\/p>\n      <\/div>\n    <\/div>\n    <div class=\"columns two-thirds\">\n      <div class=\"field text required\"><span class=\"wpcf7-form-control-wrap\" data-name=\"your-email\"><input size=\"40\" class=\"wpcf7-form-control wpcf7-email wpcf7-validates-as-required wpcf7-text wpcf7-validates-as-email\" aria-required=\"true\" aria-invalid=\"false\" value=\"\" type=\"email\" name=\"your-email\" \/><\/span>\n        <p class=\"info-tip\"><\/p>\n      <\/div>\n    <\/div>\n  <\/div>\n<\/div>\n<div class=\"container\">\n  <div class=\"row\">\n    <div class=\"columns one-third\">\n      <div class=\"field\"><label>Handynummer* (+421 XXX XXX XXX) <\/label>\n        <p class=\"info-tip\"><\/p>\n      <\/div>\n    <\/div>\n    <div class=\"columns two-thirds\">\n      <div class=\"field text required\"><span class=\"wpcf7-form-control-wrap\" data-name=\"your-phone\"><input size=\"40\" class=\"wpcf7-form-control wpcf7-tel wpcf7-validates-as-required wpcf7-text wpcf7-validates-as-tel\" aria-required=\"true\" aria-invalid=\"false\" value=\"\" type=\"tel\" name=\"your-phone\" \/><\/span>\n        <p class=\"info-tip\"><\/p>\n      <\/div>\n    <\/div>\n  <\/div>\n<\/div>\n<div class=\"container\">\n  <div class=\"row\">\n    <div class=\"columns one-third\">\n      <div class=\"field\"><label>Ich bin mit der Verarbeitung von personenbezogenen Daten einverstanden:<\/label>\n        <p class=\"info-tip\"><\/p>\n      <\/div>\n    <\/div>\n    <div class=\"columns two-thirds cf7sgfocus\">\n      <div class=\"field checkbox required\"><span class=\"wpcf7-form-control-wrap\" data-name=\"checkbox-gdpr\"><span class=\"wpcf7-form-control wpcf7-checkbox wpcf7-validates-as-required\"><span class=\"wpcf7-list-item first last\"><input type=\"checkbox\" name=\"checkbox-gdpr[]\" value=\"ja\" \/><span class=\"wpcf7-list-item-label\">ja<\/span><\/span><\/span><\/span>\n        <p class=\"info-tip\"><\/p>\n      <\/div>\n    <\/div>\n  <\/div>\n<\/div>\n<div class=\"container\">\n  <div class=\"row\">\n    <div class=\"columns full\">\n      <hr>\n    <\/div>\n  <\/div>\n<\/div>\n<div class=\"container\" id=\"36nJbL\">\n  <div class=\"row\">\n    <div class=\"columns one-fourth\">\n      <div class=\"field row\">\n        <label for=\"\"><font color=\"red\">Schreiben Sie den text:<\/font> <input type=\"hidden\" name=\"_wpcf7_captcha_challenge_captcha-1\" value=\"1108857164\" \/><img loading=\"lazy\" decoding=\"async\" class=\"wpcf7-form-control wpcf7-captchac wpcf7-captcha-captcha-1\" width=\"72\" height=\"24\" alt=\"captcha\" src=\"https:\/\/www.steelpower.sk\/wp-content\/uploads\/wpcf7_captcha\/1108857164.png\" \/><span class=\"wpcf7-form-control-wrap\" data-name=\"captcha-1\"><input size=\"40\" class=\"wpcf7-form-control wpcf7-captchar\" autocomplete=\"off\" aria-invalid=\"false\" value=\"\" type=\"text\" name=\"captcha-1\" \/><\/span><\/label>\n      <\/div>\n    <\/div>\n  <\/div>\n<\/div>\n<div class=\"container\">\n  <div class=\"row\">\n    <input class=\"wpcf7-form-control wpcf7-submit has-spinner\" type=\"submit\" value=\"ICH INTERESSIERE MICH F\u00dcR ARBEITNEHMER\" \/>\n  <\/div>\n<\/div><p style=\"display: none !important;\"><label>&#916;<textarea name=\"_wpcf7_ak_hp_textarea\" cols=\"45\" rows=\"8\" maxlength=\"100\"><\/textarea><\/label><input type=\"hidden\" id=\"ak_js_1\" name=\"_wpcf7_ak_js\" value=\"221\"\/><script>document.getElementById( \"ak_js_1\" ).setAttribute( \"value\", ( new Date() ).getTime() );<\/script><\/p><div class=\"wpcf7-response-output\" aria-hidden=\"true\"><\/div>\n<\/form>\n<\/div>\n<\/div><\/div>[vc_empty_space height=&#8221;16px&#8221;][vc_column_text]<\/p>\n<p style=\"text-align: center;\"><strong>*obligatorisch<\/strong><\/p>\n<p>[\/vc_column_text][vc_empty_space height=&#8221;16px&#8221;][vc_single_image image=&#8221;2277&#8243; img_size=&#8221;full&#8221; alignment=&#8221;center&#8221;][\/vc_column][\/vc_row]<\/p>\n<\/div>","protected":false},"excerpt":{"rendered":"<p>[vc_row][vc_column][vc_custom_heading text=&#8221;W\u00e4hlen Sie eine gesuchte Arbeitskraft oder einen gesuchten Arbeiter, und wir werden Sie umgehend kontaktieren.&#8221; font_container=&#8221;tag:h2|text_align:center|color:%23000000&#8243; use_theme_fonts=&#8221;yes&#8221;][vc_column_text]Falls Sie einen\/mehrere Schwei\u00dfer (EN ISO 9606 \u2013 1), Rohrleger, Schlosser, eventuell einen anderen unten erw\u00e4hnten Beruf ben\u00f6tigen, kontaktieren Sie uns. Wir sind bereit, sie f\u00fcr Sie bereitzustellen.[\/vc_column_text][vc_empty_space height=&#8221;16px&#8221;][vc_column_text] *obligatorisch [\/vc_column_text][vc_empty_space height=&#8221;16px&#8221;][vc_single_image image=&#8221;2277&#8243; img_size=&#8221;full&#8221; alignment=&#8221;center&#8221;][\/vc_column][\/vc_row]<\/p>\n","protected":false},"author":4,"featured_media":0,"parent":0,"menu_order":0,"comment_status":"closed","ping_status":"closed","template":"","meta":{"footnotes":""},"class_list":["post-2873","page","type-page","status-publish","hentry","description-off"],"_links":{"self":[{"href":"https:\/\/www.steelpower.sk\/de\/wp-json\/wp\/v2\/pages\/2873","targetHints":{"allow":["GET"]}}],"collection":[{"href":"https:\/\/www.steelpower.sk\/de\/wp-json\/wp\/v2\/pages"}],"about":[{"href":"https:\/\/www.steelpower.sk\/de\/wp-json\/wp\/v2\/types\/page"}],"author":[{"embeddable":true,"href":"https:\/\/www.steelpower.sk\/de\/wp-json\/wp\/v2\/users\/4"}],"replies":[{"embeddable":true,"href":"https:\/\/www.steelpower.sk\/de\/wp-json\/wp\/v2\/comments?post=2873"}],"version-history":[{"count":8,"href":"https:\/\/www.steelpower.sk\/de\/wp-json\/wp\/v2\/pages\/2873\/revisions"}],"predecessor-version":[{"id":3016,"href":"https:\/\/www.steelpower.sk\/de\/wp-json\/wp\/v2\/pages\/2873\/revisions\/3016"}],"wp:attachment":[{"href":"https:\/\/www.steelpower.sk\/de\/wp-json\/wp\/v2\/media?parent=2873"}],"curies":[{"name":"wp","href":"https:\/\/api.w.org\/{rel}","templated":true}]}}