{"id":2866,"date":"2022-01-03T20:57:44","date_gmt":"2022-01-03T19:57:44","guid":{"rendered":"http:\/\/www.consulting.web.home.sk\/arbeitsangebot\/"},"modified":"2022-02-21T13:49:17","modified_gmt":"2022-02-21T12:49:17","slug":"arbeitsangebot","status":"publish","type":"page","link":"https:\/\/www.steelpower.sk\/de\/arbeitsangebot\/","title":{"rendered":"ARBEITSANGEBOT"},"content":{"rendered":"<div class=\"wpb-content-wrapper\"><p>[vc_row][vc_column][vc_custom_heading text=&#8221;W\u00e4hlen Sie die passende Arbeitsstelle aus, und wir werden Sie umgehend kontaktieren.&#8221; font_container=&#8221;tag:h2|text_align:center|color:%23000000&#8243; use_theme_fonts=&#8221;yes&#8221;][vc_column_text]Falls Sie eine Arbeitsstelle als Schwei\u00dfer (EN ISO 9606 \u2013 1), Rohrleger, Schlosser, eventuell andere unten erw\u00e4hnte Berufe suchen, kontaktieren Sie uns. Wir sind bereit, f\u00fcr Sie die gew\u00fcnschte Arbeitsstelle zu finden.[\/vc_column_text]<div class=\"cf7sg-container\"><div id=\"cf7sg-form-ponuka-prace\" class=\"cf7-smart-grid has-grid key_ponuka-prace\">\n<div class=\"wpcf7 no-js\" id=\"wpcf7-f2891-o1\" lang=\"de-DE\" dir=\"ltr\">\n<div class=\"screen-reader-response\"><p role=\"status\" aria-live=\"polite\" aria-atomic=\"true\"><\/p> <ul><\/ul><\/div>\n<form action=\"\/de\/wp-json\/wp\/v2\/pages\/2866#wpcf7-f2891-o1\" method=\"post\" class=\"wpcf7-form init\" aria-label=\"Kontaktformular\" novalidate=\"novalidate\" data-status=\"init\">\n<div style=\"display: none;\">\n<input type=\"hidden\" name=\"_wpcf7\" value=\"2891\" \/>\n<input type=\"hidden\" name=\"_wpcf7_version\" value=\"5.9.3\" \/>\n<input type=\"hidden\" name=\"_wpcf7_locale\" value=\"de_DE\" \/>\n<input type=\"hidden\" name=\"_wpcf7_unit_tag\" value=\"wpcf7-f2891-o1\" \/>\n<input type=\"hidden\" name=\"_wpcf7_container_post\" value=\"0\" \/>\n<input type=\"hidden\" name=\"_wpcf7_posted_data_hash\" value=\"\" \/>\n<input type=\"hidden\" name=\"_wpcf7_key\" value=\"arbeitsangebot\" \/>\n<input type=\"hidden\" name=\"_cf7sg_toggles\" value=\"\" \/>\n<input type=\"hidden\" name=\"_cf7sg_version\" value=\"4.15.6\" \/>\n<input type=\"hidden\" name=\"_wpnonce\" value=\"ca857aed1e\" \/>\n<\/div>\n<div class=\"container\">\n  <div class=\"row\">\n    <div class=\"columns five\">\n      <div class=\"field\">\n        <ul>\n          <li><label>Schwei\u00dfer mit g\u00fcltigem Zertifikat (Manual metal-arc welder)<\/label><\/li>\n        <\/ul>\n      <\/div>\n    <\/div>\n    <div class=\"columns seven\">\n      <div class=\"field checkbox\"><span class=\"wpcf7-form-control-wrap\" data-name=\"checkbox-zvarac-111\"><span class=\"wpcf7-form-control wpcf7-checkbox\"><span class=\"wpcf7-list-item first last\"><input type=\"checkbox\" name=\"checkbox-zvarac-111[]\" value=\"ja\" \/><span class=\"wpcf7-list-item-label\">ja<\/span><\/span><\/span><\/span>\n        <p class=\"info-tip\"><\/p>\n      <\/div>\n    <\/div>\n  <\/div>\n<\/div>\n<div class=\"container\">\n  <div class=\"row\">\n    <div class=\"columns five\">\n      <div class=\"field\">\n        <ul>\n          <li><label>Schwei\u00dfer mit g\u00fcltigen Zertifikaten 131,135, 136 P,T (MAG, MIG)<\/label><\/li>\n        <\/ul>\n      <\/div>\n    <\/div>\n    <div class=\"columns seven\">\n      <div class=\"field checkbox\"><span class=\"wpcf7-form-control-wrap\" data-name=\"checkbox-zvarac-131\"><span class=\"wpcf7-form-control wpcf7-checkbox\"><span class=\"wpcf7-list-item first last\"><input type=\"checkbox\" name=\"checkbox-zvarac-131[]\" value=\"ja\" \/><span class=\"wpcf7-list-item-label\">ja<\/span><\/span><\/span><\/span>\n        <p class=\"info-tip\"><\/p>\n      <\/div>\n    <\/div>\n  <\/div>\n<\/div>\n<div class=\"container\">\n  <div class=\"row\">\n    <div class=\"columns five\">\n      <div class=\"field\">\n        <ul>\n          <li><label>Schwei\u00dfer mit g\u00fcltigen Zertifikaten 141, 142 T (TIG, WIG)<\/label><\/li>\n        <\/ul>\n      <\/div>\n    <\/div>\n    <div class=\"columns seven\">\n      <div class=\"field checkbox\"><span class=\"wpcf7-form-control-wrap\" data-name=\"checkbox-zvarac-141\"><span class=\"wpcf7-form-control wpcf7-checkbox\"><span class=\"wpcf7-list-item first last\"><input type=\"checkbox\" name=\"checkbox-zvarac-141[]\" value=\"ja\" \/><span class=\"wpcf7-list-item-label\">ja<\/span><\/span><\/span><\/span>\n        <p class=\"info-tip\"><\/p>\n      <\/div>\n    <\/div>\n  <\/div>\n<\/div>\n<div class=\"container\">\n  <div class=\"row\">\n    <div class=\"columns five\">\n      <div class=\"field\">\n        <ul>\n          <li><label>Schwei\u00dfer oder Brennschneider 150 (Plasma welder or Plasma cutter - Plasma arc welding)<\/label><\/li>\n        <\/ul>\n      <\/div>\n    <\/div>\n    <div class=\"columns seven\">\n      <div class=\"field checkbox\"><span class=\"wpcf7-form-control-wrap\" data-name=\"checkbox-palic-150\"><span class=\"wpcf7-form-control wpcf7-checkbox\"><span class=\"wpcf7-list-item first last\"><input type=\"checkbox\" name=\"checkbox-palic-150[]\" value=\"ja\" \/><span class=\"wpcf7-list-item-label\">ja<\/span><\/span><\/span><\/span>\n        <p class=\"info-tip\"><\/p>\n      <\/div>\n    <\/div>\n  <\/div>\n<\/div>\n<div class=\"container\">\n  <div class=\"row\">\n    <div class=\"columns five\">\n      <div class=\"field\">\n        <ul>\n          <li><label>Schwei\u00dfer oder Brennschneider 311 (Flame welder or Flame cutter - Fuel gas welding)<\/label><\/li>\n        <\/ul>\n      <\/div>\n    <\/div>\n    <div class=\"columns seven\">\n      <div class=\"field checkbox\"><span class=\"wpcf7-form-control-wrap\" data-name=\"checkbox-palic-311\"><span class=\"wpcf7-form-control wpcf7-checkbox\"><span class=\"wpcf7-list-item first last\"><input type=\"checkbox\" name=\"checkbox-palic-311[]\" value=\"ja\" \/><span class=\"wpcf7-list-item-label\">ja<\/span><\/span><\/span><\/span>\n        <p class=\"info-tip\"><\/p>\n      <\/div>\n    <\/div>\n  <\/div>\n<\/div>\n<div class=\"container\">\n  <div class=\"row\">\n    <div class=\"columns five\">\n      <div class=\"field\">\n        <ul>\n          <li><label>Rohrleger<\/label><\/li>\n        <\/ul>\n      <\/div>\n    <\/div>\n    <div class=\"columns seven\">\n      <div class=\"field checkbox\"><span class=\"wpcf7-form-control-wrap\" data-name=\"checkbox-potrubar\"><span class=\"wpcf7-form-control wpcf7-checkbox\"><span class=\"wpcf7-list-item first last\"><input type=\"checkbox\" name=\"checkbox-potrubar[]\" value=\"ja\" \/><span class=\"wpcf7-list-item-label\">ja<\/span><\/span><\/span><\/span>\n        <p class=\"info-tip\"><\/p>\n      <\/div>\n    <\/div>\n  <\/div>\n<\/div>\n<div class=\"container\">\n  <div class=\"row\">\n    <div class=\"columns five\">\n      <div class=\"field\">\n        <ul>\n          <li><label>Schlosser<\/label><\/li>\n          <ul>\n          <\/ul>\n        <\/ul>\n      <\/div>\n    <\/div>\n    <div class=\"columns seven\">\n      <div class=\"field checkbox\"><span class=\"wpcf7-form-control-wrap\" data-name=\"checkbox-zamocnik\"><span class=\"wpcf7-form-control wpcf7-checkbox\"><span class=\"wpcf7-list-item first last\"><input type=\"checkbox\" name=\"checkbox-zamocnik[]\" value=\"ja\" \/><span class=\"wpcf7-list-item-label\">ja<\/span><\/span><\/span><\/span>\n        <p class=\"info-tip\"><\/p>\n      <\/div>\n    <\/div>\n  <\/div>\n<\/div>\n<div class=\"container\">\n  <div class=\"row\">\n    <div class=\"columns five\">\n      <div class=\"field\">\n        <ul>\n          <li><label>Monteur<\/label><\/li>\n        <\/ul>\n      <\/div>\n    <\/div>\n    <div class=\"columns seven\">\n      <div class=\"field checkbox\"><span class=\"wpcf7-form-control-wrap\" data-name=\"checkbox-monter\"><span class=\"wpcf7-form-control wpcf7-checkbox\"><span class=\"wpcf7-list-item first last\"><input type=\"checkbox\" name=\"checkbox-monter[]\" value=\"ja\" \/><span class=\"wpcf7-list-item-label\">ja<\/span><\/span><\/span><\/span>\n        <p class=\"info-tip\"><\/p>\n      <\/div>\n    <\/div>\n  <\/div>\n<\/div>\n<div class=\"container\">\n  <div class=\"row\">\n    <div class=\"columns five\">\n      <div class=\"field\">\n        <ul>\n          <li><label>Elektriker<\/label><\/li>\n        <\/ul>\n      <\/div>\n    <\/div>\n    <div class=\"columns seven\">\n      <div class=\"field checkbox\"><span class=\"wpcf7-form-control-wrap\" data-name=\"checkbox-elektrikar-21\"><span class=\"wpcf7-form-control wpcf7-checkbox\"><span class=\"wpcf7-list-item first last\"><input type=\"checkbox\" name=\"checkbox-elektrikar-21[]\" value=\"ja\" \/><span class=\"wpcf7-list-item-label\">ja<\/span><\/span><\/span><\/span>\n        <p class=\"info-tip\"><\/p>\n      <\/div>\n    <\/div>\n  <\/div>\n<\/div>\n<div class=\"container\">\n  <div class=\"row\">\n    <div class=\"columns five\">\n      <div class=\"field\">\n        <ul>\n          <li><label>Arbeiter in der Metallverarbeitung, der Herstellung von Maschinen, Ger\u00e4ten oder anderen Produkten.<\/label><\/li>\n        <\/ul>\n      <\/div>\n    <\/div>\n    <div class=\"columns seven\">\n      <div class=\"field checkbox\"><span class=\"wpcf7-form-control-wrap\" data-name=\"checkbox-kovovyroba\"><span class=\"wpcf7-form-control wpcf7-checkbox\"><span class=\"wpcf7-list-item first last\"><input type=\"checkbox\" name=\"checkbox-kovovyroba[]\" value=\"ja\" \/><span class=\"wpcf7-list-item-label\">ja<\/span><\/span><\/span><\/span>\n        <p class=\"info-tip\"><\/p>\n      <\/div>\n    <\/div>\n  <\/div>\n<\/div>\n<div class=\"container\">\n  <div class=\"row\">\n    <div class=\"columns five\">\n      <div class=\"field\">\n        <ul>\n          <li><label>Arbeiter f\u00fcr die Montage, Montage von Metallprodukten, Maschinen, Ausr\u00fcstung oder andere Montage.<\/label><\/li>\n        <\/ul>\n      <\/div>\n    <\/div>\n    <div class=\"columns seven\">\n      <div class=\"field checkbox\"><span class=\"wpcf7-form-control-wrap\" data-name=\"checkbox-kompletacia\"><span class=\"wpcf7-form-control wpcf7-checkbox\"><span class=\"wpcf7-list-item first last\"><input type=\"checkbox\" name=\"checkbox-kompletacia[]\" value=\"ja\" \/><span class=\"wpcf7-list-item-label\">ja<\/span><\/span><\/span><\/span>\n        <p class=\"info-tip\"><\/p>\n      <\/div>\n    <\/div>\n  <\/div>\n<\/div>\n<div class=\"container\">\n  <div class=\"row\">\n    <div class=\"columns five\">\n      <div class=\"field\">\n        <ul>\n          <li><label>Arbeiter am Flie\u00dfband (Produktionsmitarbeiter)<\/label><\/li>\n        <\/ul>\n      <\/div>\n    <\/div>\n    <div class=\"columns seven\">\n      <div class=\"field checkbox\"><span class=\"wpcf7-form-control-wrap\" data-name=\"checkbox-linky\"><span class=\"wpcf7-form-control wpcf7-checkbox\"><span class=\"wpcf7-list-item first last\"><input type=\"checkbox\" name=\"checkbox-linky[]\" value=\"ja\" \/><span class=\"wpcf7-list-item-label\">ja<\/span><\/span><\/span><\/span>\n        <p class=\"info-tip\"><\/p>\n      <\/div>\n    <\/div>\n  <\/div>\n<\/div>\n<div class=\"container\">\n  <div class=\"row\">\n    <div class=\"columns five\">\n      <div class=\"field\">\n        <ul>\n          <li><label>Schwei\u00dftechnologe<\/label><\/li>\n        <\/ul>\n      <\/div>\n    <\/div>\n    <div class=\"columns seven\">\n      <div class=\"field checkbox\"><span class=\"wpcf7-form-control-wrap\" data-name=\"checkbox-zvaraci-technolog\"><span class=\"wpcf7-form-control wpcf7-checkbox\"><span class=\"wpcf7-list-item first last\"><input type=\"checkbox\" name=\"checkbox-zvaraci-technolog[]\" value=\"ja\" \/><span class=\"wpcf7-list-item-label\">ja<\/span><\/span><\/span><\/span>\n        <p class=\"info-tip\"><\/p>\n      <\/div>\n    <\/div>\n  <\/div>\n<\/div>\n<div class=\"container\">\n  <div class=\"row\">\n    <div class=\"columns five\">\n      <div class=\"field\">\n        <ul>\n          <li><label>Chefmonteur<\/label><\/li>\n        <\/ul>\n      <\/div>\n    <\/div>\n    <div class=\"columns seven\">\n      <div class=\"field checkbox\"><span class=\"wpcf7-form-control-wrap\" data-name=\"checkbox-sefmonter\"><span class=\"wpcf7-form-control wpcf7-checkbox\"><span class=\"wpcf7-list-item first last\"><input type=\"checkbox\" name=\"checkbox-sefmonter[]\" value=\"ja\" \/><span class=\"wpcf7-list-item-label\">ja<\/span><\/span><\/span><\/span>\n        <p class=\"info-tip\"><\/p>\n      <\/div>\n    <\/div>\n  <\/div>\n<\/div>\n<div class=\"container\">\n  <div class=\"row\">\n    <div class=\"columns five\">\n      <div class=\"field\">\n        <ul>\n          <li><label>Spezialist f\u00fcr Verkehrssysteme (Pneumatischer Transport von Sch\u00fcttstoffen, mechanischer Transport von Biomasse, RDF, Abf\u00e4llen, Asche, Kohle,\u2026.)<\/label><\/li>\n        <\/ul>\n      <\/div>\n    <\/div>\n    <div class=\"columns seven\">\n      <div class=\"field checkbox\"><span class=\"wpcf7-form-control-wrap\" data-name=\"checkbox-dopravne-systemy\"><span class=\"wpcf7-form-control wpcf7-checkbox\"><span class=\"wpcf7-list-item first last\"><input type=\"checkbox\" name=\"checkbox-dopravne-systemy[]\" value=\"ja\" \/><span class=\"wpcf7-list-item-label\">ja<\/span><\/span><\/span><\/span>\n        <p class=\"info-tip\"><\/p>\n      <\/div>\n    <\/div>\n  <\/div>\n<\/div>\n<div class=\"container\">\n  <div class=\"row\">\n    <div class=\"columns five\">\n      <div class=\"field\">\n        <ul>\n          <li><label>Sonstiges<\/label><\/li>\n        <\/ul>\n      <\/div>\n    <\/div>\n    <div class=\"columns four\">\n      <div class=\"field text\"><span class=\"wpcf7-form-control-wrap\" data-name=\"your-job\"><input size=\"40\" class=\"wpcf7-form-control wpcf7-text\" aria-invalid=\"false\" value=\"\" type=\"text\" name=\"your-job\" \/><\/span>\n        <p class=\"info-tip\"><\/p>\n      <\/div>\n    <\/div>\n    <div class=\"columns third\">\n      <div class=\"field text hidden\"><span class=\"wpcf7-form-control-wrap\" data-name=\"checkbox-ine\"><span class=\"wpcf7-form-control wpcf7-checkbox\"><span class=\"wpcf7-list-item first last\"><input type=\"checkbox\" name=\"checkbox-ine[]\" value=\"ja\" \/><span class=\"wpcf7-list-item-label\">ja<\/span><\/span><\/span><\/span>\n        <p class=\"info-tip\"><\/p>\n      <\/div>\n    <\/div>\n  <\/div>\n<\/div>\n<div class=\"container\">\n  <div class=\"row\">\n    <div class=\"columns five\">\n      <div class=\"field\"><label>Vorname*<\/label>\n        <p class=\"info-tip\"><\/p>\n      <\/div>\n    <\/div>\n    <div class=\"columns seven\">\n      <div class=\"field text required\"><span class=\"wpcf7-form-control-wrap\" data-name=\"your-forname\"><input size=\"40\" class=\"wpcf7-form-control wpcf7-text wpcf7-validates-as-required\" aria-required=\"true\" aria-invalid=\"false\" value=\"\" type=\"text\" name=\"your-forname\" \/><\/span>\n        <p class=\"info-tip\"><\/p>\n      <\/div>\n    <\/div>\n  <\/div>\n<\/div>\n<div class=\"container\">\n  <div class=\"row\">\n    <div class=\"columns five\">\n      <div class=\"field\"><label>Nachname*<\/label>\n        <p class=\"info-tip\"><\/p>\n      <\/div>\n    <\/div>\n    <div class=\"columns seven\">\n      <div class=\"field text required\"><span class=\"wpcf7-form-control-wrap\" data-name=\"your-lastname\"><input size=\"40\" class=\"wpcf7-form-control wpcf7-text wpcf7-validates-as-required\" aria-required=\"true\" aria-invalid=\"false\" value=\"\" type=\"text\" name=\"your-lastname\" \/><\/span>\n        <p class=\"info-tip\"><\/p>\n      <\/div>\n    <\/div>\n  <\/div>\n<\/div>\n<div class=\"container\">\n  <div class=\"row\">\n    <div class=\"columns five\">\n      <div class=\"field\"><label>E-Mail<\/label>\n        <p class=\"info-tip\"><\/p>\n      <\/div>\n    <\/div>\n    <div class=\"columns seven\">\n      <div class=\"field text\"><span class=\"wpcf7-form-control-wrap\" data-name=\"your-email\"><input size=\"40\" class=\"wpcf7-form-control wpcf7-email wpcf7-text wpcf7-validates-as-email\" aria-invalid=\"false\" value=\"\" type=\"email\" name=\"your-email\" \/><\/span>\n        <p class=\"info-tip\"><\/p>\n      <\/div>\n    <\/div>\n  <\/div>\n<\/div>\n<div class=\"container\">\n  <div class=\"row\">\n    <div class=\"columns five\">\n      <div class=\"field\"><label>Handynummer* (+421 XXX XXX XXX) <\/label>\n        <p class=\"info-tip\"><\/p>\n      <\/div>\n    <\/div>\n    <div class=\"columns seven\">\n      <div class=\"field text required\"><span class=\"wpcf7-form-control-wrap\" data-name=\"your-phone\"><input size=\"40\" class=\"wpcf7-form-control wpcf7-tel wpcf7-validates-as-required wpcf7-text wpcf7-validates-as-tel\" aria-required=\"true\" aria-invalid=\"false\" value=\"\" type=\"tel\" name=\"your-phone\" \/><\/span>\n        <p class=\"info-tip\"><\/p>\n      <\/div>\n    <\/div>\n  <\/div>\n<\/div>\n<div class=\"container\">\n  <div class=\"row\">\n    <div class=\"columns five\">\n      <div class=\"field\"><label>Ich bin mit der Verarbeitung von personenbezogenen Daten einverstanden:<\/label>\n        <p class=\"info-tip\"><\/p>\n      <\/div>\n    <\/div>\n    <div class=\"columns seven cf7sgfocus\">\n      <div class=\"field checkbox required\"><span class=\"wpcf7-form-control-wrap\" data-name=\"checkbox-gdpr\"><span class=\"wpcf7-form-control wpcf7-checkbox wpcf7-validates-as-required\"><span class=\"wpcf7-list-item first last\"><input type=\"checkbox\" name=\"checkbox-gdpr[]\" value=\"ja\" \/><span class=\"wpcf7-list-item-label\">ja<\/span><\/span><\/span><\/span>\n        <p class=\"info-tip\"><\/p>\n      <\/div>\n    <\/div>\n  <\/div>\n<\/div>\n<div class=\"container\">\n  <div class=\"row\">\n    <div class=\"columns full\">\n      <hr>\n    <\/div>\n  <\/div>\n<\/div>\n<div class=\"container\" id=\"36nJbL\">\n  <div class=\"row\">\n    <div class=\"columns one-fourth\">\n      <div class=\"field row\">\n        <label for=\"\"><font color=\"red\">Schreiben Sie den text:<\/font> <input type=\"hidden\" name=\"_wpcf7_captcha_challenge_captcha-1\" value=\"3245394666\" \/><img loading=\"lazy\" decoding=\"async\" class=\"wpcf7-form-control wpcf7-captchac wpcf7-captcha-captcha-1\" width=\"72\" height=\"24\" alt=\"captcha\" src=\"https:\/\/www.steelpower.sk\/wp-content\/uploads\/wpcf7_captcha\/3245394666.png\" \/><span class=\"wpcf7-form-control-wrap\" data-name=\"captcha-1\"><input size=\"40\" class=\"wpcf7-form-control wpcf7-captchar\" autocomplete=\"off\" aria-invalid=\"false\" value=\"\" type=\"text\" name=\"captcha-1\" \/><\/span><\/label>\n      <\/div>\n    <\/div>\n  <\/div>\n<\/div>\n<div class=\"container\">\n  <div class=\"row\">\n    <input class=\"wpcf7-form-control wpcf7-submit has-spinner\" type=\"submit\" value=\"ICH INTERESSIERE MICH F\u00dcR ARBEIT\" \/>\n  <\/div>\n<\/div><p style=\"display: none !important;\"><label>&#916;<textarea name=\"_wpcf7_ak_hp_textarea\" cols=\"45\" rows=\"8\" maxlength=\"100\"><\/textarea><\/label><input type=\"hidden\" id=\"ak_js_1\" name=\"_wpcf7_ak_js\" value=\"125\"\/><script>document.getElementById( \"ak_js_1\" ).setAttribute( \"value\", ( new Date() ).getTime() );<\/script><\/p><div class=\"wpcf7-response-output\" aria-hidden=\"true\"><\/div>\n<\/form>\n<\/div>\n<\/div><\/div>[vc_empty_space height=&#8221;16px&#8221;][vc_column_text]<\/p>\n<p style=\"text-align: center;\"><strong>*obligatorisch<\/strong><\/p>\n<p>[\/vc_column_text][\/vc_column][\/vc_row]<\/p>\n<\/div>","protected":false},"excerpt":{"rendered":"<p>[vc_row][vc_column][vc_custom_heading text=&#8221;W\u00e4hlen Sie die passende Arbeitsstelle aus, und wir werden Sie umgehend kontaktieren.&#8221; font_container=&#8221;tag:h2|text_align:center|color:%23000000&#8243; use_theme_fonts=&#8221;yes&#8221;][vc_column_text]Falls Sie eine Arbeitsstelle als Schwei\u00dfer (EN ISO 9606 \u2013 1), Rohrleger, Schlosser, eventuell andere unten erw\u00e4hnte Berufe suchen, kontaktieren Sie uns. Wir sind bereit, f\u00fcr Sie die gew\u00fcnschte Arbeitsstelle zu finden.[\/vc_column_text][vc_empty_space height=&#8221;16px&#8221;][vc_column_text] *obligatorisch [\/vc_column_text][\/vc_column][\/vc_row]<\/p>\n","protected":false},"author":4,"featured_media":0,"parent":0,"menu_order":0,"comment_status":"closed","ping_status":"closed","template":"","meta":{"footnotes":""},"class_list":["post-2866","page","type-page","status-publish","hentry","description-off"],"_links":{"self":[{"href":"https:\/\/www.steelpower.sk\/de\/wp-json\/wp\/v2\/pages\/2866","targetHints":{"allow":["GET"]}}],"collection":[{"href":"https:\/\/www.steelpower.sk\/de\/wp-json\/wp\/v2\/pages"}],"about":[{"href":"https:\/\/www.steelpower.sk\/de\/wp-json\/wp\/v2\/types\/page"}],"author":[{"embeddable":true,"href":"https:\/\/www.steelpower.sk\/de\/wp-json\/wp\/v2\/users\/4"}],"replies":[{"embeddable":true,"href":"https:\/\/www.steelpower.sk\/de\/wp-json\/wp\/v2\/comments?post=2866"}],"version-history":[{"count":5,"href":"https:\/\/www.steelpower.sk\/de\/wp-json\/wp\/v2\/pages\/2866\/revisions"}],"predecessor-version":[{"id":3023,"href":"https:\/\/www.steelpower.sk\/de\/wp-json\/wp\/v2\/pages\/2866\/revisions\/3023"}],"wp:attachment":[{"href":"https:\/\/www.steelpower.sk\/de\/wp-json\/wp\/v2\/media?parent=2866"}],"curies":[{"name":"wp","href":"https:\/\/api.w.org\/{rel}","templated":true}]}}