{"id":2807,"date":"2021-12-18T11:48:39","date_gmt":"2021-12-18T10:48:39","guid":{"rendered":"http:\/\/www.consulting.web.home.sk\/dienstleistungen\/"},"modified":"2024-10-02T17:51:29","modified_gmt":"2024-10-02T15:51:29","slug":"dienstleistungen","status":"publish","type":"page","link":"https:\/\/www.steelpower.sk\/de\/dienstleistungen\/","title":{"rendered":"DIENSTLEISTUNGEN"},"content":{"rendered":"<div class=\"wpb-content-wrapper\"><p>[vc_row el_class=&#8221;service&#8221;][vc_column][vc_column_text]<\/p>\n<h3 style=\"color: #145c9e;\">BEREITSTELLUNG VON PERSONAL F\u00dcR FOLGENDE INDUSTRIET\u00c4TIGKEITEN:<\/h3>\n<ul style=\"line-height: 1.5em;\">\n<li>\n<h4>METALLERZEUGUNG UND -BEARBEITUNG, HERSTELLUNG VON METALLERZEUGNISSEN.<\/h4>\n<\/li>\n<li>\n<h4>HERSTELLUNG VON MASCHINEN UND ANLAGEN.<\/h4>\n<\/li>\n<li>\n<h4>HERSTELLUNG VON TECHNOLOGISCHEN ANLAGEN.<\/h4>\n<\/li>\n<li>\n<h4>HERSTELLUNG VON KESSELN (DRUCK- UND DRUCKLOSE TEILE VON KESSELN).<\/h4>\n<\/li>\n<li>\n<h4>HERSTELLUNG VON ROHRLEITUNGEN.<\/h4>\n<\/li>\n<li>\n<h4>HERSTELLUNG VON DRUCK &#8211; UND DRUCKLOSEN BEH\u00c4LTERN.<\/h4>\n<\/li>\n<li>\n<h4>HERSTELLUNG VON TANKS UND BEH\u00c4LTERN.<\/h4>\n<\/li>\n<li>\n<h4>HERSTELLUNG VON STAHLKONSTRUKTIONEN.<\/h4>\n<\/li>\n<li>\n<h4>HERSTELLUNG VON ENERGIE-, PETROCHEMIE- UND LEBENSMITTELAUSR\u00dcSTUNGEN AUS METALL.<\/h4>\n<\/li>\n<li>\n<h4>HERSTELLUNG VON ELEKTRISCHEN ERZEUGNISSEN UND GER\u00c4TEN.<\/h4>\n<\/li>\n<li>\n<h4>Montage, Demontage von Dampf- und Hei\u00dfwasserkesseln und W\u00e4rmkraftwerken<\/h4>\n<\/li>\n<li>\n<h4>Montage, Demontage und Reparatur von technologischen Anlagen in Atomkraftwerken<\/h4>\n<\/li>\n<li>\n<h4>Montage, Demontage und Reparatur von technologischen Anlagen, Rohrleitungssystemen und Stahlkonstruktionen von Industriebauten<\/h4>\n<\/li>\n<li>\n<h4>Montage und Demontage von industriellen lufttechnischen und Klimaanlagen und -leitungen.<\/h4>\n<\/li>\n<li>\n<h4>Montage und Demontage von Feuerschutzrohrleitungen in Industriebauten<\/h4>\n<\/li>\n<li>\n<h4>INSTALLATION VON ELEKTRISCHEN ANLAGEN, MASCHINEN UND ELEKTRISCHEN LEITUNGEN.<\/h4>\n<\/li>\n<li>\n<h4>Schwei\u00dfen von Druckbeh\u00e4ltern und drucklosen Beh\u00e4ltern<\/h4>\n<\/li>\n<li>\n<h4>Personal f\u00fcr allj\u00e4hrliche Instandhaltungs- und Servicearbeiten<\/h4>\n<\/li>\n<li>\n<h4>Personal f\u00fcr Montage, Reparatur und Instandhaltung von energetischen, petrochemischen und Nahrungsmittelbauten, technologischen Produktionsstra\u00dfen w\u00e4hrend des Betriebs oder w\u00e4hrend der Stilllegung der Produktionsstra\u00dfen<\/h4>\n<\/li>\n<li>\n<h4>BERATUNGS- UND INGENIEURT\u00c4TIGKEITEN IM BEREICH DER ENERGETIK UND VON INDUSTRIEBAUTEN.<\/h4>\n<\/li>\n<\/ul>\n<p>[\/vc_column_text][vc_column_text]<\/p>\n<h3 style=\"color: #145c9e;\">BEREITSTELLUNG VON ARBEITSKR\u00c4FTEN IN DEN FOLGENDEN BERUFEN:<\/h3>\n<ul>\n<li>\n<h5>Schwei\u00dfer mit g\u00fcltigen Zertifikaten 111, 131, 135, 136, 141, 142, laut Norm EN ISO 9606 \u2013 1)<\/h5>\n<\/li>\n<li>\n<h5>Brennschneider (150, 311 laut Norm EN ISO 9606 \u2013 1)<\/h5>\n<\/li>\n<li>\n<h5>Rohrleger<\/h5>\n<\/li>\n<li>\n<h5>Schlosser<\/h5>\n<\/li>\n<li>\n<h5>Monteur<\/h5>\n<\/li>\n<li>\n<h5>Schwei\u00dftechnologe<\/h5>\n<\/li>\n<li>\n<h5>Chefmonteur<\/h5>\n<\/li>\n<li>\n<h5>Bauleiter<\/h5>\n<\/li>\n<li>\n<h5>Elektriker<\/h5>\n<\/li>\n<li>\n<h5>Projektmanager<\/h5>\n<\/li>\n<li>\n<h5>Spezialist f\u00fcr Verkehrssysteme (Pneuverkehr, mechanischer Verkehr der Biomasse, RDF, Abfall, Asche, Kohle,\u2026.)<\/h5>\n<\/li>\n<li>\n<h5>Spezialist f\u00fcr Drehmaschinen (Kohlenm\u00fchlen, Sch\u00f6pfmaschinen, Kompressoren, Gebl\u00e4sen,\u2026)<\/h5>\n<\/li>\n<li>\n<h5>Produktionsbetreiber \u2013 Bedienung von Produktionsmaschinen, -linien und -ger\u00e4ten<\/h5>\n<\/li>\n<li>\n<h5>Arbeiter f\u00fcr die industrielle produktion<\/h5>\n<\/li>\n<li>\n<h5>Produktmontagearbeiter in der industriellen produktion<\/h5>\n<\/li>\n<li>\n<h5>TECHNIKER ZUR \u00dcBERWACHUNG DER MONTAGE DIREKT VOR ORT F\u00dcR FOLGENDE WAREN:<\/h5>\n<ul>\n<li>\n<h5>Rohrleitungssysteme<\/h5>\n<\/li>\n<li>\n<h5>Stahlkonstruktionen<\/h5>\n<\/li>\n<li>\n<h5>Dampf- und Hei\u00dfwasserkessel zur Verbrennung von Abfall, Biomasse, Gas, \u00d6l, Kohle<\/h5>\n<\/li>\n<li>\n<h5>Technologische Anlagen<\/h5>\n<\/li>\n<li>\n<h5>Eventuell sonstige gem\u00e4\u00df den Kundenanforderungen<\/h5>\n<\/li>\n<\/ul>\n<\/li>\n<\/ul>\n<p>[\/vc_column_text][vc_column_text]<\/p>\n<h3 style=\"color: #145c9e;\">BEREITSTELLUNG VON PERSONAL F\u00dcR FOLGENDE INDUSTRIEZWEIGE:<\/h3>\n<ul>\n<li>\n<h5>Energetik<\/h5>\n<\/li>\n<li>\n<h5>Maschinenbau<\/h5>\n<\/li>\n<li>\n<h5>Heizkraftwirtschaft<\/h5>\n<\/li>\n<li>\n<h5>Pharmazeutische Industrie<\/h5>\n<\/li>\n<li>\n<h5>Petrochemische Industrie<\/h5>\n<\/li>\n<li>\n<h5>Chemische Industrie<\/h5>\n<\/li>\n<li>\n<h5>Nahrungsmittelindustrie<\/h5>\n<\/li>\n<li>\n<h5>Eventuell andere Industriezweige gem\u00e4\u00df den Kundenanforderungen<\/h5>\n<\/li>\n<\/ul>\n<p>[\/vc_column_text][\/vc_column][\/vc_row][vc_row][vc_column][vc_media_grid element_width=&#8221;2&#8243; grid_id=&#8221;vc_gid:1727883513450-9ac4778d-f88d-4&#8243; include=&#8221;2195,2194,2110,1964,2111,2103,2101,2104,2093,2094,2100,2106,2105,2006,2002,2096,2097,1942&#8243;][\/vc_column][\/vc_row]<\/p>\n<\/div>","protected":false},"excerpt":{"rendered":"<p>[vc_row el_class=&#8221;service&#8221;][vc_column][vc_column_text] BEREITSTELLUNG VON PERSONAL F\u00dcR FOLGENDE INDUSTRIET\u00c4TIGKEITEN: METALLERZEUGUNG UND -BEARBEITUNG, HERSTELLUNG VON METALLERZEUGNISSEN. HERSTELLUNG VON MASCHINEN UND ANLAGEN. HERSTELLUNG VON TECHNOLOGISCHEN ANLAGEN. HERSTELLUNG VON KESSELN (DRUCK- UND DRUCKLOSE TEILE VON KESSELN). HERSTELLUNG VON ROHRLEITUNGEN. HERSTELLUNG VON DRUCK &#8211; UND DRUCKLOSEN BEH\u00c4LTERN. HERSTELLUNG VON TANKS UND BEH\u00c4LTERN. HERSTELLUNG VON STAHLKONSTRUKTIONEN. HERSTELLUNG VON ENERGIE-, PETROCHEMIE- UND&hellip;<\/p>\n","protected":false},"author":4,"featured_media":0,"parent":0,"menu_order":0,"comment_status":"closed","ping_status":"closed","template":"","meta":{"footnotes":""},"class_list":["post-2807","page","type-page","status-publish","hentry","description-off"],"_links":{"self":[{"href":"https:\/\/www.steelpower.sk\/de\/wp-json\/wp\/v2\/pages\/2807","targetHints":{"allow":["GET"]}}],"collection":[{"href":"https:\/\/www.steelpower.sk\/de\/wp-json\/wp\/v2\/pages"}],"about":[{"href":"https:\/\/www.steelpower.sk\/de\/wp-json\/wp\/v2\/types\/page"}],"author":[{"embeddable":true,"href":"https:\/\/www.steelpower.sk\/de\/wp-json\/wp\/v2\/users\/4"}],"replies":[{"embeddable":true,"href":"https:\/\/www.steelpower.sk\/de\/wp-json\/wp\/v2\/comments?post=2807"}],"version-history":[{"count":21,"href":"https:\/\/www.steelpower.sk\/de\/wp-json\/wp\/v2\/pages\/2807\/revisions"}],"predecessor-version":[{"id":3314,"href":"https:\/\/www.steelpower.sk\/de\/wp-json\/wp\/v2\/pages\/2807\/revisions\/3314"}],"wp:attachment":[{"href":"https:\/\/www.steelpower.sk\/de\/wp-json\/wp\/v2\/media?parent=2807"}],"curies":[{"name":"wp","href":"https:\/\/api.w.org\/{rel}","templated":true}]}}