{"id":2797,"date":"2016-01-29T09:51:22","date_gmt":"2016-01-29T08:51:22","guid":{"rendered":"http:\/\/www.consulting.web.home.sk\/einleitung\/"},"modified":"2023-11-12T14:07:06","modified_gmt":"2023-11-12T13:07:06","slug":"einleitung","status":"publish","type":"page","link":"https:\/\/www.steelpower.sk\/de\/","title":{"rendered":"EINLEITUNG"},"content":{"rendered":"<div class=\"wpb-content-wrapper\"><p>[vc_row full_width=&#8221;stretch_row&#8221;][vc_column][vc_single_image image=&#8221;2239&#8243; img_size=&#8221;full&#8221; alignment=&#8221;center&#8221;][\/vc_column][\/vc_row][vc_row content_placement=&#8221;middle&#8221; parallax=&#8221;content-moving&#8221;][vc_column][vc_column_text]<\/p>\n<p style=\"font-weight: bold; font-size: 1rem;\">STEEL POWER GmbH ist eine private Maschinenbau Firma, die qualifiziertes und erfahrenes Personal f\u00fcr verschiedene Industriezweige zur Verf\u00fcgung stellt. Unsere Firma bietet ebenfalls Konsultations- und Beratungsdienstleistungen in den Bereichen Industrie- und energetischer Maschinenbau.<\/p>\n<p style=\"font-weight: bold; font-size: 1rem;\">Die Hauptt\u00e4tigkeiten der STEEL POWER GmbH sind:<\/p>\n<ul style=\"font-weight: bold; font-size: 1rem;\">\n<li>bereitstellung von Arbeitskr\u00e4ften ohne Bereitstellung von Handwerkzeugen und Arbeitsschutzmitteln<\/li>\n<li>bereitstellung von Arbeitskr\u00e4ften, die mit Arbeitsschutzmitteln f\u00fcr die Arbeit ausgestattet sind<\/li>\n<li>bereitstellung von Arbeitskr\u00e4ften, die mit Handwerkzeugen und Arbeitsschutzmitteln f\u00fcr die Arbeit ausgestattet sind<\/li>\n<li>schl\u00fcsselfertige Lieferung von Arbeiten durch STEEL POWER &#8211; Installationsarbeiten, Renovierungen, Reparaturen, Wartung von Anlagen usw.<\/li>\n<li>schl\u00fcsselfertige Lieferung von Arbeiten durch die Firma STEEL POWER auch mit der Lieferung von technologische Anlagen, Materiallieferungen nach der Spezifikation\/Anforderung des Kunden<\/li>\n<\/ul>\n<p style=\"font-weight: bold; font-size: 1rem;\">Das Management der Firma hat langj\u00e4hrige Erfahrungen sowohl im Bereich des Bauens von industriellen und energetischen Bauten, als auch bei der Bereitstellung des Personals f\u00fcr diese T\u00e4tigkeiten.<br \/>\nUnsere Firma ist auf den M\u00e4rkten ganz Europas t\u00e4tig, allerdings k\u00f6nnen unsere Dienstleistungen auch weltweit in Anspruch genommen werden.<\/p>\n<p style=\"font-weight: bold; font-size: 1rem;\">Unser Ziel ist es, den Kunden die h\u00f6chste Qualit\u00e4t f\u00fcr einen angemessenen Preis zu bieten, was zugleich unser gr\u00f6\u00dfter Vorteil ist.<\/p>\n<p style=\"font-weight: bold; font-size: 1rem;\">Sollten Sie einen zuverl\u00e4ssigen Partner im Bereich der Personalbereitstellung f\u00fcr Montage oder Produktion in jeglichen Industriezweigen suchen, stehen wir Ihnen gerne zur Verf\u00fcgung.<\/p>\n<p>[\/vc_column_text][\/vc_column][\/vc_row][vc_row][vc_column width=&#8221;1\/2&#8243;][vc_btn title=&#8221;ARBEITSANGEBOT&#8221; style=&#8221;classic&#8221; color=&#8221;danger&#8221; align=&#8221;center&#8221; button_block=&#8221;true&#8221; link=&#8221;url:https%3A%2F%2Fwww.steelpower.sk\/de\/arbeitsangebot\/|title:Ponuka%20pr%C3%A1ce&#8221;][\/vc_column][vc_column width=&#8221;1\/2&#8243;][vc_btn title=&#8221;ANGEBOT VON ARBEITSKR\u00c4FTEN&#8221; style=&#8221;classic&#8221; color=&#8221;danger&#8221; align=&#8221;center&#8221; button_block=&#8221;true&#8221; link=&#8221;url:https%3A%2F%2Fwww.steelpower.sk\/de\/arbeitnehmerangebot\/|title:Ponuka%20pr%C3%A1ce&#8221;][\/vc_column][\/vc_row]<\/p>\n<\/div>","protected":false},"excerpt":{"rendered":"<p>[vc_row full_width=&#8221;stretch_row&#8221;][vc_column][vc_single_image image=&#8221;2239&#8243; img_size=&#8221;full&#8221; alignment=&#8221;center&#8221;][\/vc_column][\/vc_row][vc_row content_placement=&#8221;middle&#8221; parallax=&#8221;content-moving&#8221;][vc_column][vc_column_text] STEEL POWER GmbH ist eine private Maschinenbau Firma, die qualifiziertes und erfahrenes Personal f\u00fcr verschiedene Industriezweige zur Verf\u00fcgung stellt. Unsere Firma bietet ebenfalls Konsultations- und Beratungsdienstleistungen in den Bereichen Industrie- und energetischer Maschinenbau. Die Hauptt\u00e4tigkeiten der STEEL POWER GmbH sind: bereitstellung von Arbeitskr\u00e4ften ohne Bereitstellung von Handwerkzeugen und&hellip;<\/p>\n","protected":false},"author":4,"featured_media":0,"parent":0,"menu_order":0,"comment_status":"closed","ping_status":"closed","template":"","meta":{"footnotes":""},"class_list":["post-2797","page","type-page","status-publish","hentry","description-off"],"_links":{"self":[{"href":"https:\/\/www.steelpower.sk\/de\/wp-json\/wp\/v2\/pages\/2797","targetHints":{"allow":["GET"]}}],"collection":[{"href":"https:\/\/www.steelpower.sk\/de\/wp-json\/wp\/v2\/pages"}],"about":[{"href":"https:\/\/www.steelpower.sk\/de\/wp-json\/wp\/v2\/types\/page"}],"author":[{"embeddable":true,"href":"https:\/\/www.steelpower.sk\/de\/wp-json\/wp\/v2\/users\/4"}],"replies":[{"embeddable":true,"href":"https:\/\/www.steelpower.sk\/de\/wp-json\/wp\/v2\/comments?post=2797"}],"version-history":[{"count":27,"href":"https:\/\/www.steelpower.sk\/de\/wp-json\/wp\/v2\/pages\/2797\/revisions"}],"predecessor-version":[{"id":3257,"href":"https:\/\/www.steelpower.sk\/de\/wp-json\/wp\/v2\/pages\/2797\/revisions\/3257"}],"wp:attachment":[{"href":"https:\/\/www.steelpower.sk\/de\/wp-json\/wp\/v2\/media?parent=2797"}],"curies":[{"name":"wp","href":"https:\/\/api.w.org\/{rel}","templated":true}]}}